{"id":2288,"date":"2020-07-20T14:31:03","date_gmt":"2020-07-20T12:31:03","guid":{"rendered":"https:\/\/www.licht-sockelleiste.de\/?page_id=2288"},"modified":"2020-10-22T10:51:36","modified_gmt":"2020-10-22T08:51:36","slug":"instalacja","status":"publish","type":"page","link":"https:\/\/www.licht-sockelleiste.de\/pl\/instalacja\/","title":{"rendered":"Instalacja"},"content":{"rendered":"<div class=\"wrapper\"><div id=\"\" class=\"column-section clearfix spaced-normal \"><div  class=\"column two-third  \" ><div class=\"spacer spacer-big\"><\/div>\n<h1>Szybka instalacja w 4 krokach<\/h1>\n<div class=\"spacer spacer-medium\"><\/div>\n<p>Cubica Light System 80 mo\u017cna zainstalowa\u0107 w 4 prostych krokach.<\/p>\n<p>Poni\u017cej znajdziesz kr\u00f3tk\u0105 instrukcj\u0119 monta\u017cu lekkiej listwy przy\u015bciennej Cubica Light System 80. Aby uzyska\u0107 bardziej szczeg\u00f3\u0142ow\u0105 wiedz\u0119, pobierz instrukcje dotycz\u0105ce przetwarzania, kt\u00f3re znajdziesz na dole strony.<\/p>\n<div class=\"spacer spacer-medium\"><\/div><\/div><div  class=\"column one-third last-col \" ><\/div><\/div><\/div><div class=\"wrapper\"><div id=\"\" class=\"column-section clearfix spaced-normal \"><div  class=\"column two-third  \" ><\/div><div  class=\"column one-third last-col \" ><div class=\"spacer spacer-medium\"><\/div>\n<div class=\"font-loved quote-orange text-right\" style=\"text-align: center;\"><span class=\"inline-block\">&#8222;Prosty i profesjonalny &#8211; 4 kroki<\/span><br \/>\n<span class=\"inline-block\">do uko\u0144czonej instalacji&#8221;<\/span><\/div>\n<\/div><\/div><\/div><div class=\"spacer spacer-big\"><\/div><div class=\"wrapper\"><div id=\"\" class=\"column-section clearfix spaced-normal \"><div  class=\"column one-half  \" >\n<h2>Krok 1<\/h2>\n<div class=\"spacer spacer-medium\"><\/div>\n<p><img loading=\"lazy\" class=\"aligncenter wp-image-3036 size-full\" src=\"https:\/\/www.licht-sockelleiste.de\/wp-content\/uploads\/2020\/09\/Schritt1-Grundprofil.jpg\" alt=\"\" width=\"1663\" height=\"938\" srcset=\"https:\/\/www.licht-sockelleiste.de\/wp-content\/uploads\/2020\/09\/Schritt1-Grundprofil.jpg 1663w, https:\/\/www.licht-sockelleiste.de\/wp-content\/uploads\/2020\/09\/Schritt1-Grundprofil-300x169.jpg 300w, https:\/\/www.licht-sockelleiste.de\/wp-content\/uploads\/2020\/09\/Schritt1-Grundprofil-1024x578.jpg 1024w, https:\/\/www.licht-sockelleiste.de\/wp-content\/uploads\/2020\/09\/Schritt1-Grundprofil-768x433.jpg 768w, https:\/\/www.licht-sockelleiste.de\/wp-content\/uploads\/2020\/09\/Schritt1-Grundprofil-1536x866.jpg 1536w, https:\/\/www.licht-sockelleiste.de\/wp-content\/uploads\/2020\/09\/Schritt1-Grundprofil-420x237.jpg 420w, https:\/\/www.licht-sockelleiste.de\/wp-content\/uploads\/2020\/09\/Schritt1-Grundprofil-600x338.jpg 600w, https:\/\/www.licht-sockelleiste.de\/wp-content\/uploads\/2020\/09\/Schritt1-Grundprofil-900x508.jpg 900w, https:\/\/www.licht-sockelleiste.de\/wp-content\/uploads\/2020\/09\/Schritt1-Grundprofil-1290x728.jpg 1290w, https:\/\/www.licht-sockelleiste.de\/wp-content\/uploads\/2020\/09\/Schritt1-Grundprofil-1320x745.jpg 1320w\" sizes=\"(max-width: 1663px) 100vw, 1663px\" \/><\/p>\n<div class=\"spacer spacer-medium\"><\/div>\n<p>Najpierw mocuje si\u0119 profil bazowy do \u015bciany za pomoc\u0105 \u015brub, a nast\u0119pnie listw\u0119 \u015bwietln\u0105 LED wsuwa si\u0119 do wn\u0119ki monta\u017cowej profilu bazowego.<\/p>\n<div class=\"spacer spacer-medium\"><\/div><\/div><div  class=\"column one-half last-col \" >\n<h2>Krok 2<\/h2>\n<div class=\"spacer spacer-medium\"><\/div>\n<p><img loading=\"lazy\" class=\"aligncenter wp-image-3042 size-full\" src=\"https:\/\/www.licht-sockelleiste.de\/wp-content\/uploads\/2020\/09\/Schritt2-LED-Band.jpg\" alt=\"\" width=\"1670\" height=\"939\" srcset=\"https:\/\/www.licht-sockelleiste.de\/wp-content\/uploads\/2020\/09\/Schritt2-LED-Band.jpg 1670w, https:\/\/www.licht-sockelleiste.de\/wp-content\/uploads\/2020\/09\/Schritt2-LED-Band-300x169.jpg 300w, https:\/\/www.licht-sockelleiste.de\/wp-content\/uploads\/2020\/09\/Schritt2-LED-Band-1024x576.jpg 1024w, https:\/\/www.licht-sockelleiste.de\/wp-content\/uploads\/2020\/09\/Schritt2-LED-Band-768x432.jpg 768w, https:\/\/www.licht-sockelleiste.de\/wp-content\/uploads\/2020\/09\/Schritt2-LED-Band-1536x864.jpg 1536w, https:\/\/www.licht-sockelleiste.de\/wp-content\/uploads\/2020\/09\/Schritt2-LED-Band-420x236.jpg 420w, https:\/\/www.licht-sockelleiste.de\/wp-content\/uploads\/2020\/09\/Schritt2-LED-Band-600x337.jpg 600w, https:\/\/www.licht-sockelleiste.de\/wp-content\/uploads\/2020\/09\/Schritt2-LED-Band-900x506.jpg 900w, https:\/\/www.licht-sockelleiste.de\/wp-content\/uploads\/2020\/09\/Schritt2-LED-Band-1290x725.jpg 1290w, https:\/\/www.licht-sockelleiste.de\/wp-content\/uploads\/2020\/09\/Schritt2-LED-Band-1320x742.jpg 1320w\" sizes=\"(max-width: 1670px) 100vw, 1670px\" \/><\/p>\n<div class=\"spacer spacer-medium\"><\/div>\n<p>Nast\u0119pnie ta\u015bm\u0119 LED, kt\u00f3r\u0105 mo\u017cna skraca\u0107 co 5 cm, pod\u0142\u0105czamy za pomoc\u0105 zasilacza do zasilania i wciskamy listw\u0119 maskuj\u0105c\u0105.<\/p>\n<div class=\"spacer spacer-medium\"><\/div><\/div><\/div><\/div><div class=\"wrapper\"><div id=\"\" class=\"column-section clearfix spaced-normal \"><div  class=\"column one-half  \" >\n<h2>Krok 3<\/h2>\n<div class=\"spacer spacer-medium\"><\/div>\n<p><img loading=\"lazy\" class=\"aligncenter wp-image-3030 size-full\" src=\"https:\/\/www.licht-sockelleiste.de\/wp-content\/uploads\/2020\/09\/Schritt3-MontageDeckprofil.jpg\" alt=\"\" width=\"1671\" height=\"940\" srcset=\"https:\/\/www.licht-sockelleiste.de\/wp-content\/uploads\/2020\/09\/Schritt3-MontageDeckprofil.jpg 1671w, https:\/\/www.licht-sockelleiste.de\/wp-content\/uploads\/2020\/09\/Schritt3-MontageDeckprofil-300x169.jpg 300w, https:\/\/www.licht-sockelleiste.de\/wp-content\/uploads\/2020\/09\/Schritt3-MontageDeckprofil-1024x576.jpg 1024w, https:\/\/www.licht-sockelleiste.de\/wp-content\/uploads\/2020\/09\/Schritt3-MontageDeckprofil-768x432.jpg 768w, https:\/\/www.licht-sockelleiste.de\/wp-content\/uploads\/2020\/09\/Schritt3-MontageDeckprofil-1536x864.jpg 1536w, https:\/\/www.licht-sockelleiste.de\/wp-content\/uploads\/2020\/09\/Schritt3-MontageDeckprofil-420x236.jpg 420w, https:\/\/www.licht-sockelleiste.de\/wp-content\/uploads\/2020\/09\/Schritt3-MontageDeckprofil-600x338.jpg 600w, https:\/\/www.licht-sockelleiste.de\/wp-content\/uploads\/2020\/09\/Schritt3-MontageDeckprofil-900x506.jpg 900w, https:\/\/www.licht-sockelleiste.de\/wp-content\/uploads\/2020\/09\/Schritt3-MontageDeckprofil-1290x726.jpg 1290w, https:\/\/www.licht-sockelleiste.de\/wp-content\/uploads\/2020\/09\/Schritt3-MontageDeckprofil-1320x743.jpg 1320w\" sizes=\"(max-width: 1671px) 100vw, 1671px\" \/><\/p>\n<div class=\"spacer spacer-medium\"><\/div>\n<p>Monta\u017c listwy bez u\u017cycia narz\u0119dzi jest r\u00f3wnie\u017c mo\u017cliwy za rogiem, poniewa\u017c odpowiednie wypraski s\u0105 dost\u0119pne fabrycznie jako naro\u017cniki zewn\u0119trzne i wewn\u0119trzne.<\/p>\n<div class=\"spacer spacer-medium\"><\/div><\/div><div  class=\"column one-half last-col \" >\n<h2>Krok 4<\/h2>\n<div class=\"spacer spacer-medium\"><\/div>\n<p><img loading=\"lazy\" class=\"aligncenter wp-image-3024 size-full\" src=\"https:\/\/www.licht-sockelleiste.de\/wp-content\/uploads\/2020\/09\/Schritt4_InstallationFunk-Komponente.jpg\" alt=\"\" width=\"2560\" height=\"1707\" \/><\/p>\n<div class=\"spacer spacer-medium\"><\/div>\n<p>Jednak Cubica LS mo\u017cna r\u00f3wnie\u017c przycina\u0107 i \u0142atwo instalowa\u0107 bez akcesori\u00f3w.<\/p>\n<div class=\"spacer spacer-medium\"><\/div><\/div><\/div><\/div><div class=\"spacer spacer-medium\"><\/div><div class=\"wrapper\"><div id=\"\" class=\"column-section clearfix spaced-normal \"><div  class=\"column one-half  \" >\n<h3><a href=\"https:\/\/www.licht-sockelleiste.de\/wp-content\/uploads\/2020\/07\/5905393_Verarbeitungsanleitung-Cubica-LS-Grund-u-Deckprofilmontage_DENG_DINA4_web.pdf\" target=\"_blank\" rel=\"noopener noreferrer\">Pobierz instrukcje dotycz\u0105ce obr\u00f3bki profilu podstawowego i ok\u0142adki <\/a><\/h3>\n<div class=\"spacer spacer-small\"><\/div>\n<h3><a href=\"https:\/\/www.licht-sockelleiste.de\/wp-content\/uploads\/2020\/07\/5905392_Verarbeitungsanleitung-Cubica-LS-StarterKits_DENG_DINA4_web.pdf\" target=\"_blank\" rel=\"noopener noreferrer\">Pobierz instrukcj\u0119 obs\u0142ugi systemu o\u015bwietlenia LED<\/a><\/h3>\n<\/div><div  class=\"column one-half last-col \" ><\/div><\/div><\/div><div class=\"spacer spacer-big\"><\/div>\n","protected":false},"excerpt":{"rendered":"","protected":false},"author":2,"featured_media":0,"parent":0,"menu_order":0,"comment_status":"closed","ping_status":"closed","template":"","meta":[],"_links":{"self":[{"href":"https:\/\/www.licht-sockelleiste.de\/pl\/wp-json\/wp\/v2\/pages\/2288\/"}],"collection":[{"href":"https:\/\/www.licht-sockelleiste.de\/pl\/wp-json\/wp\/v2\/pages\/"}],"about":[{"href":"https:\/\/www.licht-sockelleiste.de\/pl\/wp-json\/wp\/v2\/types\/page\/"}],"author":[{"embeddable":true,"href":"https:\/\/www.licht-sockelleiste.de\/pl\/wp-json\/wp\/v2\/users\/2\/"}],"replies":[{"embeddable":true,"href":"https:\/\/www.licht-sockelleiste.de\/pl\/wp-json\/wp\/v2\/comments\/?post=2288"}],"version-history":[{"count":5,"href":"https:\/\/www.licht-sockelleiste.de\/pl\/wp-json\/wp\/v2\/pages\/2288\/revisions\/"}],"predecessor-version":[{"id":3121,"href":"https:\/\/www.licht-sockelleiste.de\/pl\/wp-json\/wp\/v2\/pages\/2288\/revisions\/3121\/"}],"wp:attachment":[{"href":"https:\/\/www.licht-sockelleiste.de\/pl\/wp-json\/wp\/v2\/media\/?parent=2288"}],"curies":[{"name":"wp","href":"https:\/\/api.w.org\/{rel}","templated":true}]}}