{"id":1248,"date":"2017-09-02T17:45:04","date_gmt":"2017-09-02T15:45:04","guid":{"rendered":"https:\/\/www.doellken-lighting.com\/home\/"},"modified":"2022-01-28T09:09:33","modified_gmt":"2022-01-28T08:09:33","slug":"home-2","status":"publish","type":"page","link":"https:\/\/www.licht-sockelleiste.de\/pl\/","title":{"rendered":"Strona g\u0142\u00f3wna"},"content":{"rendered":"<div class=\"wrapper\"><div id=\"\" class=\"column-section clearfix spaced-normal \"><div  class=\"column two-third  \" ><div class=\"spacer spacer-big\"><\/div>\n<h2>Najwa\u017cniejsze informacje o Cubica Light System 80<\/h2>\n<div class=\"spacer spacer-medium\"><\/div>\n<p>Niezale\u017cnie od tego, czy jako akcent \u015bwietlny zapewniaj\u0105cy komfortow\u0105 atmosfer\u0119 we w\u0142asnych czterech \u015bcianach, czy te\u017c jako zabezpieczenie hoteli, statk\u00f3w lub plac\u00f3wek s\u0142u\u017cby zdrowia &#8211; Cubica Light System to najwy\u017cszej jako\u015bci i najbardziej elastyczne rozwi\u0105zanie o\u015bwietleniowe na rynku.<\/p>\n<div class=\"spacer spacer-medium\"><\/div><\/div><div  class=\"column one-third last-col \" ><\/div><\/div><\/div><div class=\"wrapper\"><div id=\"portfolio-grid1\" class=\"isotope-grid isotope-spaced style-column-4 no-anim portfolio-container\" >\n    <div class=\"isotope-item portfolio-item cat-73 \">\n        <div class=\"portfolio-item-inner item-inner\">\n            <a href=\"\" class=\"thumb-hover image\" target=_self >\n                <img width=\"500\" height=\"500\" src=\"https:\/\/www.licht-sockelleiste.de\/wp-content\/uploads\/2020\/06\/Keyfact_pl_1.gif\" class=\"attachment-dani-thumb-medium size-dani-thumb-medium wp-post-image\" alt=\"\" loading=\"lazy\" \/>                \n                <div class=\"hover-image\"><img src=\"https:\/\/www.licht-sockelleiste.de\/wp-content\/uploads\/2020\/06\/Keyfact_pl_2.gif\" width=\"500\" height=\"500\" class=\"hover\"\/><\/div>                \n                                            <\/a>\n                    <\/div>\n    <\/div>\n    <div class=\"isotope-item portfolio-item cat-73 \">\n        <div class=\"portfolio-item-inner item-inner\">\n            <a href=\"#\" class=\"thumb-hover image\" target=_self >\n                <img width=\"500\" height=\"500\" src=\"https:\/\/www.licht-sockelleiste.de\/wp-content\/uploads\/2020\/06\/Keyfact_pl_3.gif\" class=\"attachment-dani-thumb-medium size-dani-thumb-medium wp-post-image\" alt=\"\" loading=\"lazy\" \/>                \n                <div class=\"hover-image\"><img src=\"https:\/\/www.licht-sockelleiste.de\/wp-content\/uploads\/2020\/06\/Keyfact_pl_4.gif\" width=\"500\" height=\"500\" class=\"hover\"\/><\/div>                \n                                            <\/a>\n                    <\/div>\n    <\/div>\n    <div class=\"isotope-item portfolio-item cat-73 \">\n        <div class=\"portfolio-item-inner item-inner\">\n            <a href=\"#\" class=\"thumb-hover image\" target=_self >\n                <img width=\"500\" height=\"500\" src=\"https:\/\/www.licht-sockelleiste.de\/wp-content\/uploads\/2020\/06\/Keyfact_pl_5.gif\" class=\"attachment-dani-thumb-medium size-dani-thumb-medium wp-post-image\" alt=\"\" loading=\"lazy\" \/>                \n                <div class=\"hover-image\"><img src=\"https:\/\/www.licht-sockelleiste.de\/wp-content\/uploads\/2020\/06\/Keyfact_pl_6.gif\" width=\"500\" height=\"500\" class=\"hover\"\/><\/div>                \n                                            <\/a>\n                    <\/div>\n    <\/div>\n    <div class=\"isotope-item portfolio-item cat-73 \">\n        <div class=\"portfolio-item-inner item-inner\">\n            <a href=\"#\" class=\"thumb-hover image\" target=_self >\n                <img width=\"500\" height=\"500\" src=\"https:\/\/www.licht-sockelleiste.de\/wp-content\/uploads\/2020\/06\/Keyfact_pl_7.gif\" class=\"attachment-dani-thumb-medium size-dani-thumb-medium wp-post-image\" alt=\"\" loading=\"lazy\" \/>                \n                <div class=\"hover-image\"><img src=\"https:\/\/www.licht-sockelleiste.de\/wp-content\/uploads\/2020\/06\/Keyfact_pl_8.gif\" width=\"500\" height=\"500\" class=\"hover\"\/><\/div>                \n                                            <\/a>\n                    <\/div>\n    <\/div><\/div><\/div> <!-- END .wrapper --><div class=\"wrapper\"><div id=\"\" class=\"column-section clearfix spaced-normal \"><div  class=\"column two-fourth  \" ><\/div><div  class=\"column one-fourth  \" ><div class=\"spacer spacer-medium\"><\/div>\n<div class=\"font-loved quote-orange text-right\" style=\"text-align: center;\"><span class=\"inline-block\">\u201eWysokiej jako\u015bci paski \u015bwietlne<\/span><br \/>\n<span class=\"inline-block\">firmy D\u00f6llken Profiles\u201c<\/span><\/div>\n<\/div><div  class=\"column one-fourth last-col \" ><\/div><\/div><\/div><div class=\"spacer spacer-big\"><\/div><div id=\"details\" class=\"fullwidth-section text-dark\" style=\"background-color:#f7f5f2\"><div class=\"fullwidth-content\" style=\"padding-top:100px;padding-bottom:50px;\"><div class=\"wrapper\"><div id=\"\" class=\"column-section clearfix spaced-normal \"><div  class=\"column two-third  \" >\n<h2>System Cubica Light &#8211; szczeg\u00f3\u0142y produktu<\/h2>\n<div class=\"spacer spacer-medium\"><\/div>\n<h3>O systemie<\/h3>\n<p>System Cubica Light oferowany jest jako system z ta\u015bm\u0105 LED i odpowiednim zasilaczem (zestaw startowy LED). Emisja \u015bwiat\u0142a jest liniowa i jednorodna, dzi\u0119ki czemu nie wida\u0107 pojedynczych punkt\u00f3w \u015bwietlnych. Listwa mo\u017ce by\u0107 r\u00f3wnie\u017c stosowana jako prosta listwa kana\u0142owa (bez okna \u015bwietlnego) lub w po\u0142\u0105czeniu z listw\u0105 \u015bwietln\u0105 i kana\u0142em kablowym. Formowane elementy systemu s\u0105 dost\u0119pne w dopasowanych dekorach (za\u015blepki, \u0142\u0105czniki, naro\u017cniki wewn\u0119trzne i zewn\u0119trzne).<\/p>\n<p>Listw\u0119 \u015bwietln\u0105 mo\u017cna r\u00f3wnie\u017c \u0142\u0105czy\u0107 z listw\u0105 pod\u0142ogow\u0105 <a href=\"https:\/\/www.doellken-weimar.de\/de\/produkte\/kernsockelleisten\/\">Cubu flex<\/a>. Wymiary i dekory zosta\u0142y skoordynowane. W ten spos\u00f3b mo\u017cliwe jest, \u017ce o\u015bwietlona zostanie tylko cz\u0119\u015b\u0107 pomieszczenia. D\u00f6llken Profiles oferuje r\u00f3wnie\u017c porady projektowe, <a href=\"https:\/\/www.licht-sockelleiste.de\/konfigurator\/\">konfiguracj\u0119<\/a> i monta\u017c belki \u015bwietlnej, szczeg\u00f3lnie dla sektora kontraktowego.<\/p>\n<h3>Cubica Light System 80 oferuje 2 warianty o\u015bwietlenia, 4 opcje dekor\u00f3w i 1 zestawy startowe, kt\u00f3re zapewniaj\u0105 idealnie zaaran\u017cowan\u0105 atmosfer\u0119 o\u015bwietlenia<\/h3>\n<p>Dwie opcje lekkich kraw\u0119dzi otwieraj\u0105 r\u00f3\u017cne mo\u017cliwo\u015bci profesjonalnego zastosowania, kt\u00f3re nigdy wcze\u015bniej nie istnia\u0142y. Cubica Light System 80 po raz kolejny odni\u00f3s\u0142 sukces w zaprojektowaniu \u201eprzemy\u015blanej\u201d listwy przypod\u0142ogowej, kt\u00f3ra pozostawia procesorowi, ale tak\u017ce projektantowi wystarczaj\u0105ce pole do popisu w projektowaniu, ale jednocze\u015bnie zachwyca prostot\u0105 wykonania.<\/p>\n<div class=\"spacer spacer-medium\"><\/div><\/div><div  class=\"column one-third last-col \" ><\/div><\/div><\/div><div class=\"spacer spacer-medium\"><\/div><div class=\"wrapper\"><div id=\"\" class=\"column-section clearfix spaced-normal \"><div  class=\"column one-fourth  \" >\n<p><img loading=\"lazy\" class=\"aligncenter size-large wp-image-3221\" src=\"https:\/\/www.licht-sockelleiste.de\/wp-content\/uploads\/2020\/11\/Grundprofil-1024x1024.jpg\" alt=\"\" width=\"1024\" height=\"1024\" srcset=\"https:\/\/www.licht-sockelleiste.de\/wp-content\/uploads\/2020\/11\/Grundprofil-1024x1024.jpg 1024w, https:\/\/www.licht-sockelleiste.de\/wp-content\/uploads\/2020\/11\/Grundprofil-300x300.jpg 300w, https:\/\/www.licht-sockelleiste.de\/wp-content\/uploads\/2020\/11\/Grundprofil-150x150.jpg 150w, https:\/\/www.licht-sockelleiste.de\/wp-content\/uploads\/2020\/11\/Grundprofil-768x768.jpg 768w, https:\/\/www.licht-sockelleiste.de\/wp-content\/uploads\/2020\/11\/Grundprofil-420x420.jpg 420w, https:\/\/www.licht-sockelleiste.de\/wp-content\/uploads\/2020\/11\/Grundprofil-600x600.jpg 600w, https:\/\/www.licht-sockelleiste.de\/wp-content\/uploads\/2020\/11\/Grundprofil-900x900.jpg 900w, https:\/\/www.licht-sockelleiste.de\/wp-content\/uploads\/2020\/11\/Grundprofil-1290x1290.jpg 1290w, https:\/\/www.licht-sockelleiste.de\/wp-content\/uploads\/2020\/11\/Grundprofil-1320x1320.jpg 1320w, https:\/\/www.licht-sockelleiste.de\/wp-content\/uploads\/2020\/11\/Grundprofil.jpg 1440w\" sizes=\"(max-width: 1024px) 100vw, 1024px\" \/><\/p>\n<div class=\"spacer spacer-small\"><\/div>\n<p>Profil podstawowy<\/p>\n<\/div><div  class=\"column one-fourth  \" >\n<p><img loading=\"lazy\" class=\"aligncenter size-full wp-image-3215\" src=\"https:\/\/www.licht-sockelleiste.de\/wp-content\/uploads\/2020\/11\/unten.jpg\" alt=\"\" width=\"800\" height=\"800\" srcset=\"https:\/\/www.licht-sockelleiste.de\/wp-content\/uploads\/2020\/11\/unten.jpg 800w, https:\/\/www.licht-sockelleiste.de\/wp-content\/uploads\/2020\/11\/unten-300x300.jpg 300w, https:\/\/www.licht-sockelleiste.de\/wp-content\/uploads\/2020\/11\/unten-150x150.jpg 150w, https:\/\/www.licht-sockelleiste.de\/wp-content\/uploads\/2020\/11\/unten-768x768.jpg 768w, https:\/\/www.licht-sockelleiste.de\/wp-content\/uploads\/2020\/11\/unten-420x420.jpg 420w, https:\/\/www.licht-sockelleiste.de\/wp-content\/uploads\/2020\/11\/unten-600x600.jpg 600w\" sizes=\"(max-width: 800px) 100vw, 800px\" \/><\/p>\n<div class=\"spacer spacer-small\"><\/div>\n<p>emisja \u015bwiat\u0142a poni\u017cej<\/p>\n<\/div><div  class=\"column one-fourth  \" >\n<p><img loading=\"lazy\" class=\"aligncenter wp-image-3203 size-full\" src=\"https:\/\/www.licht-sockelleiste.de\/wp-content\/uploads\/2020\/11\/oben.jpg\" alt=\"\" width=\"800\" height=\"800\" srcset=\"https:\/\/www.licht-sockelleiste.de\/wp-content\/uploads\/2020\/11\/oben.jpg 800w, https:\/\/www.licht-sockelleiste.de\/wp-content\/uploads\/2020\/11\/oben-300x300.jpg 300w, https:\/\/www.licht-sockelleiste.de\/wp-content\/uploads\/2020\/11\/oben-150x150.jpg 150w, https:\/\/www.licht-sockelleiste.de\/wp-content\/uploads\/2020\/11\/oben-768x768.jpg 768w, https:\/\/www.licht-sockelleiste.de\/wp-content\/uploads\/2020\/11\/oben-420x420.jpg 420w, https:\/\/www.licht-sockelleiste.de\/wp-content\/uploads\/2020\/11\/oben-600x600.jpg 600w\" sizes=\"(max-width: 800px) 100vw, 800px\" \/><\/p>\n<div class=\"spacer spacer-small\"><\/div>\n<p>emisja \u015bwiat\u0142a powy\u017ce<\/p>\n<\/div><div  class=\"column one-fourth last-col \" >\n<p><img loading=\"lazy\" class=\"aligncenter size-full wp-image-3197\" src=\"https:\/\/www.licht-sockelleiste.de\/wp-content\/uploads\/2020\/11\/geschlossen.jpg\" alt=\"\" width=\"800\" height=\"800\" srcset=\"https:\/\/www.licht-sockelleiste.de\/wp-content\/uploads\/2020\/11\/geschlossen.jpg 800w, https:\/\/www.licht-sockelleiste.de\/wp-content\/uploads\/2020\/11\/geschlossen-300x300.jpg 300w, https:\/\/www.licht-sockelleiste.de\/wp-content\/uploads\/2020\/11\/geschlossen-150x150.jpg 150w, https:\/\/www.licht-sockelleiste.de\/wp-content\/uploads\/2020\/11\/geschlossen-768x768.jpg 768w, https:\/\/www.licht-sockelleiste.de\/wp-content\/uploads\/2020\/11\/geschlossen-420x420.jpg 420w, https:\/\/www.licht-sockelleiste.de\/wp-content\/uploads\/2020\/11\/geschlossen-600x600.jpg 600w\" sizes=\"(max-width: 800px) 100vw, 800px\" \/><\/p>\n<div class=\"spacer spacer-small\"><\/div>\n<p>zamkni\u0119ty kana\u0142 kablowy<\/p>\n<\/div><\/div><\/div><div class=\"spacer spacer-medium\"><\/div><div class=\"wrapper\"><div id=\"\" class=\"column-section clearfix spaced-normal \"><div  class=\"column one-fourth  \" >\n<p><img loading=\"lazy\" class=\"aligncenter wp-image-3277\" src=\"https:\/\/www.licht-sockelleiste.de\/wp-content\/uploads\/2021\/03\/1160-355x355-1.jpg\" alt=\"\" width=\"250\" height=\"250\" srcset=\"https:\/\/www.licht-sockelleiste.de\/wp-content\/uploads\/2021\/03\/1160-355x355-1.jpg 355w, https:\/\/www.licht-sockelleiste.de\/wp-content\/uploads\/2021\/03\/1160-355x355-1-300x300.jpg 300w, https:\/\/www.licht-sockelleiste.de\/wp-content\/uploads\/2021\/03\/1160-355x355-1-150x150.jpg 150w\" sizes=\"(max-width: 250px) 100vw, 250px\" \/><\/p>\n<div class=\"spacer spacer-small\"><\/div>\n<p>1160 aluminium<\/p>\n<\/div><div  class=\"column one-fourth  \" >\n<p><img loading=\"lazy\" class=\"aligncenter wp-image-3283\" src=\"https:\/\/www.licht-sockelleiste.de\/wp-content\/uploads\/2021\/03\/1013-355x355-1.jpg\" alt=\"\" width=\"250\" height=\"250\" srcset=\"https:\/\/www.licht-sockelleiste.de\/wp-content\/uploads\/2021\/03\/1013-355x355-1.jpg 355w, https:\/\/www.licht-sockelleiste.de\/wp-content\/uploads\/2021\/03\/1013-355x355-1-300x300.jpg 300w, https:\/\/www.licht-sockelleiste.de\/wp-content\/uploads\/2021\/03\/1013-355x355-1-150x150.jpg 150w\" sizes=\"(max-width: 250px) 100vw, 250px\" \/><\/p>\n<div class=\"spacer spacer-small\"><\/div>\n<p>1207 Bia\u0142y<\/p>\n<\/div><div  class=\"column one-fourth  \" >\n<p><img loading=\"lazy\" class=\"aligncenter wp-image-3295\" src=\"https:\/\/www.licht-sockelleiste.de\/wp-content\/uploads\/2021\/03\/1245-355x355-1.jpg\" alt=\"\" width=\"250\" height=\"250\" srcset=\"https:\/\/www.licht-sockelleiste.de\/wp-content\/uploads\/2021\/03\/1245-355x355-1.jpg 355w, https:\/\/www.licht-sockelleiste.de\/wp-content\/uploads\/2021\/03\/1245-355x355-1-300x300.jpg 300w, https:\/\/www.licht-sockelleiste.de\/wp-content\/uploads\/2021\/03\/1245-355x355-1-150x150.jpg 150w\" sizes=\"(max-width: 250px) 100vw, 250px\" \/><\/p>\n<div class=\"spacer spacer-small\"><\/div>\n<p>1245 champagner<\/p>\n<\/div><div  class=\"column one-fourth last-col \" >\n<p><img loading=\"lazy\" class=\"aligncenter wp-image-3289\" src=\"https:\/\/www.licht-sockelleiste.de\/wp-content\/uploads\/2021\/03\/1209-355x355-1.jpg\" alt=\"\" width=\"250\" height=\"250\" srcset=\"https:\/\/www.licht-sockelleiste.de\/wp-content\/uploads\/2021\/03\/1209-355x355-1.jpg 355w, https:\/\/www.licht-sockelleiste.de\/wp-content\/uploads\/2021\/03\/1209-355x355-1-300x300.jpg 300w, https:\/\/www.licht-sockelleiste.de\/wp-content\/uploads\/2021\/03\/1209-355x355-1-150x150.jpg 150w\" sizes=\"(max-width: 250px) 100vw, 250px\" \/><\/p>\n<div class=\"spacer spacer-small\"><\/div>\n<p>1209 antracyt<\/p>\n<\/div><\/div><\/div><\/div><\/div><div class=\"spacer spacer-big\"><\/div><div class=\"wrapper\"><div id=\"\" class=\"column-section clearfix spaced-normal \"><div  class=\"column two-third  \" >\n<h2>Starter ustawia &#8211; wszystko z jednej r\u0119ki<\/h2>\n<div class=\"spacer spacer-medium\"><\/div>\n<p>Cubica Light System 80 jest oferowany przez D\u00f6llken jako system z paskiem LED i odpowiednim zasilaczem (zestaw startowy LED). Otrzymujesz wszystkie wymagane cz\u0119\u015bci z jednego \u017ar\u00f3d\u0142a i profesjonalne, kompletne rozwi\u0105zanie spe\u0142niaj\u0105ce najwy\u017csze wymagania.<\/p>\n<p>Zestaw startowy sk\u0142ada si\u0119 z nast\u0119puj\u0105cych wariant\u00f3w:<\/p>\n<p><strong>Zestaw startowy:<\/strong> (A) przed\u0142u\u017cacz, (B) z\u0142\u0105cze (listwa LED do kabla), (C) z\u0142\u0105cze (listwa LED do listwy LED), (D) kabel po\u0142\u0105czeniowy LED, (E) kabel dystrybucyjny Y, (F) Zasilanie opakowanie (transformator do gniazda 230 V), (G) ta\u015bma LED<br \/>\n<strong>Zestaw steruj\u0105cy:<\/strong> (H) wtyczka radia i (I) prze\u0142\u0105cznik radia<\/p>\n<div class=\"spacer spacer-medium\"><\/div><\/div><div  class=\"column one-third last-col \" >\n<div class=\"font-loved quote-orange text-right\"><span class=\"inline-block\">&#8222;Zdalne sterowanie za pomoc\u0105<\/span><br \/>\n<span class=\"inline-block\">Zestaw startowy Premium&#8221;<\/span><\/div>\n<div class=\"spacer spacer-medium\"><\/div><\/div><\/div><\/div><div class=\"wrapper\"><div id=\"\" class=\"column-section clearfix spaced-normal \"><div  class=\"column two-third  \" >\n<p><img loading=\"lazy\" class=\"aligncenter size-large wp-image-3329\" src=\"https:\/\/www.licht-sockelleiste.de\/wp-content\/uploads\/2021\/03\/starter-set-steuerungsset-1-1024x771.png\" alt=\"\" width=\"1024\" height=\"771\" srcset=\"https:\/\/www.licht-sockelleiste.de\/wp-content\/uploads\/2021\/03\/starter-set-steuerungsset-1-1024x771.png 1024w, https:\/\/www.licht-sockelleiste.de\/wp-content\/uploads\/2021\/03\/starter-set-steuerungsset-1-300x226.png 300w, https:\/\/www.licht-sockelleiste.de\/wp-content\/uploads\/2021\/03\/starter-set-steuerungsset-1-768x578.png 768w, https:\/\/www.licht-sockelleiste.de\/wp-content\/uploads\/2021\/03\/starter-set-steuerungsset-1-1536x1157.png 1536w, https:\/\/www.licht-sockelleiste.de\/wp-content\/uploads\/2021\/03\/starter-set-steuerungsset-1-420x316.png 420w, https:\/\/www.licht-sockelleiste.de\/wp-content\/uploads\/2021\/03\/starter-set-steuerungsset-1-600x452.png 600w, https:\/\/www.licht-sockelleiste.de\/wp-content\/uploads\/2021\/03\/starter-set-steuerungsset-1-900x678.png 900w, https:\/\/www.licht-sockelleiste.de\/wp-content\/uploads\/2021\/03\/starter-set-steuerungsset-1-1290x971.png 1290w, https:\/\/www.licht-sockelleiste.de\/wp-content\/uploads\/2021\/03\/starter-set-steuerungsset-1-1320x994.png 1320w, https:\/\/www.licht-sockelleiste.de\/wp-content\/uploads\/2021\/03\/starter-set-steuerungsset-1.png 1611w\" sizes=\"(max-width: 1024px) 100vw, 1024px\" \/><\/p>\n<div class=\"spacer spacer-medium\"><\/div><\/div><div  class=\"column one-third last-col \" ><\/div><\/div><\/div><div class=\"wrapper\"><div id=\"\" class=\"column-section clearfix spaced-normal \"><div  class=\"column two-third  \" >\n<h3>Ta\u015bmy \u015bwietlne LED w\u0142asnej produkcji<\/h3>\n<p>W przeciwie\u0144stwie do innych ta\u015bm \u015bwietlnych, wbudowana listwa LED oraz z\u0142\u0105cza pochodz\u0105 z naszej w\u0142asnej produkcji (Made in Europe). Te wysokiej jako\u015bci ta\u015bmy s\u0105 sprzedawane pod mark\u0105 \u201e<a href=\"https:\/\/www.doellken-lighting.com\" target=\"_blank\" rel=\"noopener\">D\u00f6llken Lighting<\/a>\u201d od ponad o\u015bmiu lat. Rezultatem jest liniowe, bardzo jednorodne \u015bwiat\u0142o bez widocznych punkt\u00f3w \u015bwietlnych i r\u00f3wnomierne o\u015bwietlenie.<\/p>\n<div class=\"spacer spacer-medium\"><\/div><\/div><div  class=\"column one-third last-col \" ><\/div><\/div><\/div><div class=\"spacer spacer-big\"><\/div><div  class=\"fullwidth-section text-dark\" style=\"background-color:#f7f5f2\"><div class=\"fullwidth-content\" style=\"padding-top:100px;padding-bottom:50px;\"><div class=\"wrapper\"><div id=\"\" class=\"column-section clearfix spaced-normal \"><div  class=\"column two-third  \" >\n<h2>Warianty emisji \u015bwiat\u0142a<\/h2>\n<div class=\"spacer spacer-medium\"><\/div>\n<p>W przeciwie\u0144stwie do tradycyjnych pask\u00f3w \u015bwietlnych, Cubica Light System 80 ma dwie mo\u017cliwe ramki \u015bwietlne: ramk\u0119 boczn\u0105 i otwart\u0105 g\u00f3r\u0119. Wychodz\u0105c z tego, planista i warstwa pod\u0142ogowa maj\u0105 trzy r\u00f3\u017cne opcje realizacji: \u015bwiat\u0142o boczne, \u015bwiat\u0142o skierowane do g\u00f3ry i brak o\u015bwietlenia. W tym drugim przypadku listwa mo\u017ce by\u0107 jednak wykorzystana do prowadzenia kabli. Odpowiedni profil maskuj\u0105cy zamyka wa\u0142 i ukrywa kabel. W takim przypadku nawet p\u00f3\u017aniejszy dost\u0119p do kabla jest mo\u017cliwy bez demonta\u017cu ca\u0142ej belki.<\/p>\n<div class=\"spacer spacer-medium\"><\/div><\/div><div  class=\"column one-third last-col \" ><\/div><\/div><\/div><div class=\"wrapper\"><div id=\"\" class=\"column-section clearfix spaced-normal \"><div  class=\"column one-full last-col \" >\n\n<div class=\"spacer spacer-medium\"><\/div><\/div><\/div><\/div><\/div><\/div><div class=\"spacer spacer-big\"><\/div><div class=\"wrapper\"><div id=\"\" class=\"column-section clearfix spaced-normal \"><div  class=\"column two-third  \" >\n<h2>#mitd\u00f6llkenmade<\/h2>\n<div class=\"spacer spacer-medium\"><\/div>\n<p>Poka\u017c swoj\u0105 listw\u0119 przypod\u0142ogow\u0105 &#8211; wy\u015blij referencje ju\u017c teraz i zapewnij sobie szans\u0119 na 100 \u20ac w got\u00f3wce! Wy\u015blij nam WhatsApp ze swoim projektem Cubica Light System 80 pod numer +49 (0) 151566603 94<\/p>\n<div class=\"spacer spacer-medium\"><\/div><\/div><div  class=\"column one-third last-col \" ><\/div><\/div><\/div><div class=\"wrapper\"><div id=\"\" class=\"column-section clearfix spaced-normal \"><div  class=\"column one-full last-col \" >\n<p><iframe loading=\"lazy\" src=\"https:\/\/player.vimeo.com\/video\/441026140\" width=\"640\" height=\"480\" frameborder=\"0\" allowfullscreen=\"allowfullscreen\"><\/iframe><\/p>\n<div class=\"spacer spacer-medium\"><\/div><\/div><\/div><\/div><div class=\"spacer spacer-medium\"><\/div><div class=\"wrapper\"><div id=\"\" class=\"column-section clearfix spaced-normal \"><div  class=\"column two-third  \" >\n<p>Wysy\u0142aj\u0105c odniesienie na podany numer \/ adres e-mail, uczestnik wyra\u017anie akceptuje niniejsze og\u00f3lne warunki uczestnictwa. Referencja jest wysy\u0142ana w postaci wymownego zdj\u0119cia na podany numer telefonu kom\u00f3rkowego (przez WhatsApp) lub e-mailem na adres <a href=\"mailto:marketing@doellken-profiles.com\">marketing@doellken-profiles.com<\/a>. Przesy\u0142aj\u0105c zdj\u0119cie, nadawca musi upewni\u0107 si\u0119, \u017ce w\u0142a\u015bciciel lub klient jest upowa\u017cniony do wykonania zdj\u0119\u0107 danego obiektu i do przekazania materia\u0142u fotograficznego.<\/p>\n<p>Pracownicy D\u00f6llken Profiles GmbH s\u0105 wykluczeni z udzia\u0142u. To samo dotyczy ich krewnych lub partner\u00f3w \u017cyciowych. Je\u015bli organizator stwierdzi manipulacje techniczne lub jakiekolwiek inne naruszenie niniejszych warunk\u00f3w udzia\u0142u, wykluczy uczestnika. W takich przypadkach premi\u0119 mo\u017cna r\u00f3wnie\u017c wycofa\u0107 z moc\u0105 wsteczn\u0105. Udzia\u0142 jest mo\u017cliwy tylko do 31 grudnia 2020 r.<\/p>\n<div class=\"spacer spacer-medium\"><\/div><\/div><div  class=\"column one-third last-col \" >\n<p><a href=\"https:\/\/www.doellken-weimar.de\/de\/teilnahmebedingungen\/\"><img loading=\"lazy\" class=\"aligncenter wp-image-2982 size-full\" src=\"https:\/\/www.licht-sockelleiste.de\/wp-content\/uploads\/2020\/06\/Teilnahmebedingungen_pl.jpg\" alt=\"\" width=\"500\" height=\"500\" srcset=\"https:\/\/www.licht-sockelleiste.de\/wp-content\/uploads\/2020\/06\/Teilnahmebedingungen_pl.jpg 500w, https:\/\/www.licht-sockelleiste.de\/wp-content\/uploads\/2020\/06\/Teilnahmebedingungen_pl-300x300.jpg 300w, https:\/\/www.licht-sockelleiste.de\/wp-content\/uploads\/2020\/06\/Teilnahmebedingungen_pl-150x150.jpg 150w, https:\/\/www.licht-sockelleiste.de\/wp-content\/uploads\/2020\/06\/Teilnahmebedingungen_pl-420x420.jpg 420w\" sizes=\"(max-width: 500px) 100vw, 500px\" \/><\/a><\/p>\n<\/div><\/div><\/div><div class=\"spacer spacer-big\"><\/div>\n","protected":false},"excerpt":{"rendered":"","protected":false},"author":2,"featured_media":0,"parent":0,"menu_order":0,"comment_status":"closed","ping_status":"closed","template":"","meta":[],"_links":{"self":[{"href":"https:\/\/www.licht-sockelleiste.de\/pl\/wp-json\/wp\/v2\/pages\/1248\/"}],"collection":[{"href":"https:\/\/www.licht-sockelleiste.de\/pl\/wp-json\/wp\/v2\/pages\/"}],"about":[{"href":"https:\/\/www.licht-sockelleiste.de\/pl\/wp-json\/wp\/v2\/types\/page\/"}],"author":[{"embeddable":true,"href":"https:\/\/www.licht-sockelleiste.de\/pl\/wp-json\/wp\/v2\/users\/2\/"}],"replies":[{"embeddable":true,"href":"https:\/\/www.licht-sockelleiste.de\/pl\/wp-json\/wp\/v2\/comments\/?post=1248"}],"version-history":[{"count":18,"href":"https:\/\/www.licht-sockelleiste.de\/pl\/wp-json\/wp\/v2\/pages\/1248\/revisions\/"}],"predecessor-version":[{"id":3509,"href":"https:\/\/www.licht-sockelleiste.de\/pl\/wp-json\/wp\/v2\/pages\/1248\/revisions\/3509\/"}],"wp:attachment":[{"href":"https:\/\/www.licht-sockelleiste.de\/pl\/wp-json\/wp\/v2\/media\/?parent=1248"}],"curies":[{"name":"wp","href":"https:\/\/api.w.org\/{rel}","templated":true}]}}