{"id":3107,"date":"2017-12-03T11:06:21","date_gmt":"2017-12-03T10:06:21","guid":{"rendered":"https:\/\/www.licht-sockelleiste.de\/impressum\/"},"modified":"2023-02-16T18:15:00","modified_gmt":"2023-02-16T17:15:00","slug":"imprimer","status":"publish","type":"page","link":"https:\/\/www.licht-sockelleiste.de\/fr\/imprimer\/","title":{"rendered":"Imprimer"},"content":{"rendered":"<div class=\"wrapper\"><div id=\"\" class=\"column-section clearfix spaced-normal \"><div  class=\"column two-third  \" ><div class=\"spacer spacer-big\"><\/div>\n<h2>Imprimer<\/h2>\n<div class=\"spacer spacer-big\"><\/div>\n<h3>\u00c9diteur<\/h3>\n<div class=\"spacer spacer-small\"><\/div>\n<p>D\u00f6llken Profiles GmbH<\/p>\n<p>Gewerbepark U.N.O. | Stangenallee 3<br \/>\n99428 Nohra | Germany<br \/>\nTel.: +49-(0) 36 43 \/ 41 70-711<br \/>\nFax: +49-(0) 36 43 \/ 41 70-330<br \/>\nE-Mail: <a href=\"mailto:info@doellken-weimar.de\">info@doellken-weimar.de<\/a><\/p>\n<div class=\"spacer spacer-medium\"><\/div><\/div><div  class=\"column one-third last-col \" ><\/div><\/div><\/div><div class=\"wrapper\"><div id=\"\" class=\"column-section clearfix spaced-normal \"><div  class=\"column two-third  \" >\n<h3>Directeur g\u00e9n\u00e9ral<\/h3>\n<div class=\"spacer spacer-small\"><\/div>\n<p>Martina Baden<\/p>\n<div class=\"spacer spacer-medium\"><\/div><\/div><div  class=\"column one-third last-col \" ><\/div><\/div><\/div><div class=\"wrapper\"><div id=\"\" class=\"column-section clearfix spaced-normal \"><div  class=\"column two-third  \" >\n<h3>UST-Ident-Nummer<\/h3>\n<div class=\"spacer spacer-small\"><\/div>\n<p>DE150105409<\/p>\n<div class=\"spacer spacer-medium\"><\/div><\/div><div  class=\"column one-third last-col \" ><\/div><\/div><\/div><div class=\"wrapper\"><div id=\"\" class=\"column-section clearfix spaced-normal \"><div  class=\"column two-third  \" >\n<h3>Tribunal d&rsquo;enregistrement<\/h3>\n<div class=\"spacer spacer-small\"><\/div>\n<p>HRB Jena: 101729<\/p>\n<div class=\"spacer spacer-medium\"><\/div><\/div><div  class=\"column one-third last-col \" ><\/div><\/div><\/div><div class=\"wrapper\"><div id=\"\" class=\"column-section clearfix spaced-normal \"><div  class=\"column two-third  \" >\n<h3>Personne de contact pour les questions sur le site Web<\/h3>\n<div class=\"spacer spacer-small\"><\/div>\n<p>Katharina Omlor<\/p>\n<p>Tel.: +49 (0)2043 979-341<br \/>\nFax: +49 (0)2043 979-591<br \/>\nE-Mail: <a href=\"mailto:marketing@doellken-profiles.com\">marketing@doellken-profiles.com<\/a><\/p>\n<div class=\"spacer spacer-medium\"><\/div><\/div><div  class=\"column one-third last-col \" ><\/div><\/div><\/div><div class=\"wrapper\"><div id=\"\" class=\"column-section clearfix spaced-normal \"><div  class=\"column two-third  \" >\n<h3>Design &amp; Programmierung<\/h3>\n<div class=\"spacer spacer-small\"><\/div>\n<p>DREIZEHN&amp;F\u00dcNF DESIGN STUDIO<\/p>\n<p>Hohen\u00f6lsen \/ Hauptstra\u00dfe 11 \/ 07570 Weida<br \/>\nT +49 (3 66 03) 29 05 13<br \/>\nM +49 (1 60) 90 37 41 11<br \/>\n<a href=\"mailto:kontakt@dreizehnundfuenf.de\">kontakt@dreizehnundfuenf.de<\/a><br \/>\n<a  href=\"http:\/\/www.dreizehnundfuenf.de\"  dpc-external=\"true\"  target=\"_blank\"  rel=\"nofollow\" >www.dreizehnundfuenf.de<\/a><\/p>\n<div class=\"spacer spacer-small\"><\/div>\n<p>Youbility Software<\/p>\n<p>K\u00f6nneritzstra\u00dfe 25 \/ 01067 Dresden<\/p>\n<p>T +49 (3 51) 32 13 17 23<br \/>\n<a title=\"Software-, Webentwicklung und Usability von Youbility\"  href=\"http:\/\/www.youbility.de\"  dpc-external=\"true\"  target=\"_blank\"  rel=\"nofollow\" >Webentwicklung und Programmierung von Youbility Software<\/a><\/p>\n<div class=\"spacer spacer-medium\"><\/div><\/div><div  class=\"column one-third last-col \" ><\/div><\/div><\/div><div class=\"wrapper\"><div id=\"\" class=\"column-section clearfix spaced-normal \"><div  class=\"column two-third  \" >\n<h3>Avis de responsabilit\u00e9<\/h3>\n<div class=\"spacer spacer-small\"><\/div>\n<p>Malgr\u00e9 un contr\u00f4le minutieux du contenu, nous d\u00e9clinons toute responsabilit\u00e9 quant au contenu des liens externes. Les exploitants des pages li\u00e9es sont seuls responsables de leur contenu.<\/p>\n<div class=\"spacer spacer-medium\"><\/div><\/div><div  class=\"column one-third last-col \" ><\/div><\/div><\/div><div class=\"wrapper\"><div id=\"\" class=\"column-section clearfix spaced-normal \"><div  class=\"column two-third  \" >\n<h3>Copyrights<\/h3>\n<div class=\"spacer spacer-small\"><\/div>\n<p>Le contenu, la structure et l&rsquo;id\u00e9e de ces pages Web sont prot\u00e9g\u00e9s par le droit d&rsquo;auteur. La reproduction d&rsquo;informations ou de donn\u00e9es, en particulier l&rsquo;utilisation de textes, de parties de texte ou d&rsquo;images, n\u00e9cessite l&rsquo;accord pr\u00e9alable expr\u00e8s de l&rsquo;exploitant.<\/p>\n<div class=\"spacer spacer-big\"><\/div><\/div><div  class=\"column one-third last-col \" ><\/div><\/div><\/div>\n","protected":false},"excerpt":{"rendered":"","protected":false},"author":2,"featured_media":0,"parent":0,"menu_order":0,"comment_status":"closed","ping_status":"closed","template":"","meta":[],"_links":{"self":[{"href":"https:\/\/www.licht-sockelleiste.de\/fr\/wp-json\/wp\/v2\/pages\/3107\/"}],"collection":[{"href":"https:\/\/www.licht-sockelleiste.de\/fr\/wp-json\/wp\/v2\/pages\/"}],"about":[{"href":"https:\/\/www.licht-sockelleiste.de\/fr\/wp-json\/wp\/v2\/types\/page\/"}],"author":[{"embeddable":true,"href":"https:\/\/www.licht-sockelleiste.de\/fr\/wp-json\/wp\/v2\/users\/2\/"}],"replies":[{"embeddable":true,"href":"https:\/\/www.licht-sockelleiste.de\/fr\/wp-json\/wp\/v2\/comments\/?post=3107"}],"version-history":[{"count":3,"href":"https:\/\/www.licht-sockelleiste.de\/fr\/wp-json\/wp\/v2\/pages\/3107\/revisions\/"}],"predecessor-version":[{"id":3522,"href":"https:\/\/www.licht-sockelleiste.de\/fr\/wp-json\/wp\/v2\/pages\/3107\/revisions\/3522\/"}],"wp:attachment":[{"href":"https:\/\/www.licht-sockelleiste.de\/fr\/wp-json\/wp\/v2\/media\/?parent=3107"}],"curies":[{"name":"wp","href":"https:\/\/api.w.org\/{rel}","templated":true}]}}