{"id":3093,"date":"2017-12-03T10:42:41","date_gmt":"2017-12-03T09:42:41","guid":{"rendered":"https:\/\/www.licht-sockelleiste.de\/faq\/"},"modified":"2020-10-19T15:23:33","modified_gmt":"2020-10-19T13:23:33","slug":"faq","status":"publish","type":"page","link":"https:\/\/www.licht-sockelleiste.de\/fr\/faq\/","title":{"rendered":"FAQ"},"content":{"rendered":"<div class=\"wrapper\"><div id=\"\" class=\"column-section clearfix spaced-normal \"><div  class=\"column two-third  \" ><div class=\"spacer spacer-big\"><\/div>\n<h2>FAQ &#8211; Questions fr\u00e9quemment pos\u00e9es<\/h2>\n<div class=\"spacer spacer-big\"><\/div>\n<h3>Que signifie l&rsquo;extrusion?<\/h3>\n<div class=\"spacer spacer-small\"><\/div>\n<p>L&rsquo;extrusion est une technologie de processus dans laquelle des masses &#8211; dans notre cas du plastique &#8211; sont press\u00e9es \u00e0 l&rsquo;aide d&rsquo;outils con\u00e7us \u00e0 cet effet et amen\u00e9es \u00e0 une forme d\u00e9finie au moyen de la pression et de la temp\u00e9rature. Dans le processus d&rsquo;extrusion D\u00f6llken Lighting, nous enveloppons nos films conducteurs LED avec du plastique pr\u00e9alablement fondu dans un processus sans fin. En raison des diff\u00e9rentes recettes du mat\u00e9riau, il s&rsquo;agit m\u00eame d&rsquo;une co-extrusion techniquement tr\u00e8s exigeante.<\/p>\n<div class=\"spacer spacer-medium\"><\/div><\/div><div  class=\"column one-third last-col \" ><\/div><\/div><\/div><div class=\"wrapper\"><div id=\"\" class=\"column-section clearfix spaced-normal \"><div  class=\"column two-third  \" >\n<h3>Les bandes LED D\u00f6llken Lighting contiennent-elles du PVC?<\/h3>\n<div class=\"spacer spacer-small\"><\/div>\n<p>Non, aucun de nos produits, ni les bandes gain\u00e9es, ni les connecteurs ou c\u00e2bles ne contiennent du PVC ou d&rsquo;autres mat\u00e9riaux contenant du chlore. De plus, toutes les substances utilis\u00e9es sont bien entendu conformes \u00e0 REACH. De plus, nous traitons \u00e9galement les rejets potentiels dans la mesure du possible ou assurons un recyclage appropri\u00e9.<\/p>\n<div class=\"spacer spacer-medium\"><\/div><\/div><div  class=\"column one-third last-col \" ><\/div><\/div><\/div><div class=\"wrapper\"><div id=\"\" class=\"column-section clearfix spaced-normal \"><div  class=\"column two-third  \" >\n<h3>O\u00f9 sont fabriqu\u00e9s les produits?<\/h3>\n<div class=\"spacer spacer-small\"><\/div>\n<p>Nous fabriquons toutes nos bandes LED et films conducteurs en Allemagne et n&rsquo;achetons que les composants individuels tels que les puces LED aupr\u00e8s de fournisseurs r\u00e9put\u00e9s de haute qualit\u00e9. Nos films \u00e9chelle ne sont donc pas des articles achet\u00e9s, mais une production 100% allemande. La plupart de nos profil\u00e9s d&rsquo;assemblage sont \u00e9galement fabriqu\u00e9s directement en Allemagne; les pi\u00e8ces sont fabriqu\u00e9es dans d&rsquo;autres pays europ\u00e9ens selon nos sp\u00e9cifications de qualit\u00e9. Pour les ballasts et contr\u00f4leurs propos\u00e9s, nous nous appuyons sur une petite s\u00e9lection d&rsquo;appareils fabriqu\u00e9s principalement en Asie.<\/p>\n<div class=\"spacer spacer-medium\"><\/div><\/div><div  class=\"column one-third last-col \" ><\/div><\/div><\/div><div class=\"wrapper\"><div id=\"\" class=\"column-section clearfix spaced-normal \"><div  class=\"column two-third  \" >\n<h3>Que signifie DualWhite?<\/h3>\n<div class=\"spacer spacer-small\"><\/div>\n<p>Nos variantes DualWhite (reconnaissables par le nom du produit tel que CoreFlex 14 \/ DualWhite) ont deux puces LED blanches diff\u00e9rentes: une puce de 2700 Kelvin (blanc chaud) et une puce de 5000 Kelvin (blanc froid). Avec un contr\u00f4le appropri\u00e9, la temp\u00e9rature de couleur de la lumi\u00e8re peut \u00eatre ajust\u00e9e \u00e0 volont\u00e9 ou \u00e0 l&rsquo;heure de la journ\u00e9e &#8211; et cela avec un seul produit.<\/p>\n<div class=\"spacer spacer-medium\"><\/div><\/div><div  class=\"column one-third last-col \" ><\/div><\/div><\/div><div class=\"wrapper\"><div id=\"\" class=\"column-section clearfix spaced-normal \"><div  class=\"column two-third  \" >\n<h3>Le ruban MultiColor Flex n&rsquo;a-t-il qu&rsquo;un changement de couleur RVB?<\/h3>\n<div class=\"spacer spacer-small\"><\/div>\n<p>Bien entendu, le MultiColor Flex peut \u00e9galement \u00eatre command\u00e9 dans sa version 14 \/ RGB ou 14 \/ RGBW avec \u00e9quipement RGB. Cependant, il est \u00e9galement disponible en versions simples et doubles blanches.<br \/>\nLe nom MultiColor Flex vient \u00e0 l&rsquo;origine du fait qu&rsquo;il s&rsquo;agissait de la premi\u00e8re de nos bandes LED \u00e0 avoir des surfaces lat\u00e9rales et sup\u00e9rieures de couleur blanche. De plus, nous pouvons teindre le plastique dans n&rsquo;importe quelle couleur et utiliser ainsi le ruban comme \u00e9l\u00e9ment de design, m\u00eame lorsqu&rsquo;il est \u00e9teint.<\/p>\n<div class=\"spacer spacer-medium\"><\/div><\/div><div  class=\"column one-third last-col \" ><\/div><\/div><\/div><div class=\"wrapper\"><div id=\"\" class=\"column-section clearfix spaced-normal \"><div  class=\"column two-third  \" >\n<h3>Le ruban LinearColor Flex a-t-il un changement de couleur RVB?<\/h3>\n<div class=\"spacer spacer-small\"><\/div>\n<p>Le ruban LinearColor Flex peut \u00e9galement \u00eatre command\u00e9 en version RGB \/ RGBW, avec une couleur de lumi\u00e8re blanche pure de diff\u00e9rentes temp\u00e9ratures de couleur, et en version DualWhite.<br \/>\nSemblable au MultiColor Flex, le nom est d\u00fb au fait que la surface de sortie de lumi\u00e8re peut \u00eatre color\u00e9e dans n&rsquo;importe quelle couleur afin de repr\u00e9senter un \u00e9l\u00e9ment de design m\u00eame lorsqu&rsquo;elle est \u00e9teinte. Il s&rsquo;agit d&rsquo;une variante populaire, en particulier pour la conception d&rsquo;\u00e9clairage d&rsquo;entreprise.<\/p>\n<div class=\"spacer spacer-medium\"><\/div><\/div><div  class=\"column one-third last-col \" ><\/div><\/div><\/div><div class=\"wrapper\"><div id=\"\" class=\"column-section clearfix spaced-normal \"><div  class=\"column two-third  \" >\n<h3>Les bandes LED D\u00f6llken-Lighting sont-elles adapt\u00e9es aux applications ext\u00e9rieures ou sous-marines?<\/h3>\n<div class=\"spacer spacer-small\"><\/div>\n<p>Oui, gr\u00e2ce \u00e0 notre technologie de rev\u00eatement, l&rsquo;extrusion, tous nos rubans sont prot\u00e9g\u00e9s IP68, ce qui signifie qu&rsquo;ils sont adapt\u00e9s \u00e0 une immersion permanente dans l&rsquo;eau. Rien ne s&rsquo;oppose \u00e0 une utilisation r\u00e9guli\u00e8re \u00e0 l&rsquo;ext\u00e9rieur, quelle que soit la zone. Nous avons m\u00eame test\u00e9 nos produits \u00e0 une profondeur d&rsquo;eau de 3250 m &#8211; y compris les embouts, les connecteurs et la transition du ruban au c\u00e2ble. Gr\u00e2ce \u00e0 notre proc\u00e9d\u00e9 de connexion brevet\u00e9, l&rsquo;ensemble de notre syst\u00e8me est certifi\u00e9 IP68 et donc prot\u00e9g\u00e9 contre la p\u00e9n\u00e9tration d&rsquo;humidit\u00e9 par effet capillaire.<\/p>\n<div class=\"spacer spacer-medium\"><\/div><\/div><div  class=\"column one-third last-col \" ><\/div><\/div><\/div><div class=\"wrapper\"><div id=\"\" class=\"column-section clearfix spaced-normal \"><div  class=\"column two-third  \" >\n<h3>Pour quelles zones votre \u00e9clairage LED est-il particuli\u00e8rement adapt\u00e9?<\/h3>\n<div class=\"spacer spacer-small\"><\/div>\n<p>En raison de leur protection IP68 et IK08 compl\u00e8te, nos produits sont id\u00e9aux pour les applications ext\u00e9rieures ou les zones soumises \u00e0 des influences m\u00e9caniques ou \u00e0 des conditions climatiques difficiles. Naturellement, ces avantages offrent \u00e9galement une s\u00e9curit\u00e9 contre les dommages caus\u00e9s par les agents de nettoyage, le contact ou l&rsquo;humidit\u00e9 \u00e0 l&rsquo;int\u00e9rieur.<\/p>\n<div class=\"spacer spacer-medium\"><\/div><\/div><div  class=\"column one-third last-col \" ><\/div><\/div><\/div><div class=\"wrapper\"><div id=\"\" class=\"column-section clearfix spaced-normal \"><div  class=\"column two-third  \" >\n<h3>Comment les bandes LED sont-elles fix\u00e9es?<\/h3>\n<div class=\"spacer spacer-small\"><\/div>\n<p>Nous avons d\u00e9velopp\u00e9 des profil\u00e9s de montage sp\u00e9ciaux en aluminium pour une fixation s\u00fbre de tous nos rubans extrud\u00e9s. Vous pouvez trouver les dessins \u00e0 cet effet sur les pages produits de notre site Web ou dans les fiches techniques respectives des bandes LED.<\/p>\n<div class=\"spacer spacer-medium\"><\/div><\/div><div  class=\"column one-third last-col \" ><\/div><\/div><\/div><div class=\"wrapper\"><div id=\"\" class=\"column-section clearfix spaced-normal \"><div  class=\"column two-third  \" >\n<h3>Les profil\u00e9s en aluminium conviennent-ils \u00e9galement aux installations sous-marines?<\/h3>\n<div class=\"spacer spacer-small\"><\/div>\n<p>L&rsquo;aluminium ne convient que sous condition pour une utilisation sous-marine. Dans les cas o\u00f9 les bandes doivent \u00eatre utilis\u00e9es sous la surface de l&rsquo;eau, nous vous recommandons de les coller avec un adh\u00e9sif de montage. Nous serions heureux de recommander des types appropri\u00e9s pour le substrat respectif. Des profil\u00e9s sp\u00e9ciaux en acier inoxydable ou en plastique pour l&rsquo;assemblage sont \u00e9galement possibles, en fonction de l&rsquo;application.<\/p>\n<div class=\"spacer spacer-medium\"><\/div><\/div><div  class=\"column one-third last-col \" ><\/div><\/div><\/div><div class=\"wrapper\"><div id=\"\" class=\"column-section clearfix spaced-normal \"><div  class=\"column two-third  \" >\n<h3>Est-il possible de contr\u00f4ler les bandes en utilisant des appareils DALI \/ 0-10V \/ DMX?<\/h3>\n<div class=\"spacer spacer-small\"><\/div>\n<p>Toutes nos courroies peuvent \u00eatre contr\u00f4l\u00e9es avec tous les types de protocoles courants en utilisant une \u00e9lectronique appropri\u00e9e. Cependant, pour une gradation fiable, les appareils doivent \u00e9mettre un signal PWM (modulation de largeur d&rsquo;impulsion).<\/p>\n<div class=\"spacer spacer-medium\"><\/div><\/div><div  class=\"column one-third last-col \" ><\/div><\/div><\/div><div class=\"wrapper\"><div id=\"\" class=\"column-section clearfix spaced-normal \"><div  class=\"column two-third  \" >\n<h3>Quelles sont les longueurs maximales des c\u00e2bles?<\/h3>\n<div class=\"spacer spacer-small\"><\/div>\n<p>En raison de la chute de tension, cela d\u00e9pend de divers facteurs tels que la section du c\u00e2ble utilis\u00e9 ou la longueur de la bande LED. \u00c0 titre indicatif pour les longueurs de c\u00e2ble via notre service d&rsquo;assemblage, nous supposons une longueur standard maximale de cinq m\u00e8tres, mais adaptons les longueurs au projet ou \u00e0 l&rsquo;application en concertation avec nos clients.<\/p>\n<div class=\"spacer spacer-medium\"><\/div><\/div><div  class=\"column one-third last-col \" ><\/div><\/div><\/div><div class=\"wrapper\"><div id=\"\" class=\"column-section clearfix spaced-normal \"><div  class=\"column two-third  \" >\n<h3>J&rsquo;ai entendu parler de \u00ab\u00a0scintillement\u00a0\u00bb dans les lumi\u00e8res LED, ce scintillement se produit-il \u00e9galement dans vos produits?<\/h3>\n<div class=\"spacer spacer-small\"><\/div>\n<p>Le scintillement est toujours un ph\u00e9nom\u00e8ne qui se produit en conjonction avec les ballasts respectifs ou le contr\u00f4le et la gradation des LED. Lors de l&rsquo;utilisation de gradateurs de haute qualit\u00e9, le scintillement des bandes est imperceptible ou m\u00eame imm\u00e9diatement nocif.<\/p>\n<div class=\"spacer spacer-medium\"><\/div><\/div><div  class=\"column one-third last-col \" ><\/div><\/div><\/div><div class=\"wrapper\"><div id=\"\" class=\"column-section clearfix spaced-normal \"><div  class=\"column two-third  \" >\n<h3>Les bandes LED peuvent-elles \u00e9galement \u00eatre fabriqu\u00e9es dans des couleurs sp\u00e9ciales en termes de couleur claire ou de rev\u00eatement?<\/h3>\n<div class=\"spacer spacer-small\"><\/div>\n<p>Gr\u00e2ce \u00e0 l&rsquo;extrusion, nous pouvons colorer les couches sup\u00e9rieures et les surfaces lat\u00e9rales de presque tous nos produits individuellement et ainsi r\u00e9pondre \u00e9galement aux exigences de conception d&rsquo;\u00e9clairage d&rsquo;entreprise ou filtrer les composants spectraux sp\u00e9ciaux de la lumi\u00e8re. Contactez-nous.<\/p>\n<div class=\"spacer spacer-big\"><\/div><\/div><div  class=\"column one-third last-col \" ><\/div><\/div><\/div>\n","protected":false},"excerpt":{"rendered":"","protected":false},"author":2,"featured_media":0,"parent":0,"menu_order":0,"comment_status":"closed","ping_status":"closed","template":"","meta":[],"_links":{"self":[{"href":"https:\/\/www.licht-sockelleiste.de\/fr\/wp-json\/wp\/v2\/pages\/3093\/"}],"collection":[{"href":"https:\/\/www.licht-sockelleiste.de\/fr\/wp-json\/wp\/v2\/pages\/"}],"about":[{"href":"https:\/\/www.licht-sockelleiste.de\/fr\/wp-json\/wp\/v2\/types\/page\/"}],"author":[{"embeddable":true,"href":"https:\/\/www.licht-sockelleiste.de\/fr\/wp-json\/wp\/v2\/users\/2\/"}],"replies":[{"embeddable":true,"href":"https:\/\/www.licht-sockelleiste.de\/fr\/wp-json\/wp\/v2\/comments\/?post=3093"}],"version-history":[{"count":2,"href":"https:\/\/www.licht-sockelleiste.de\/fr\/wp-json\/wp\/v2\/pages\/3093\/revisions\/"}],"predecessor-version":[{"id":3095,"href":"https:\/\/www.licht-sockelleiste.de\/fr\/wp-json\/wp\/v2\/pages\/3093\/revisions\/3095\/"}],"wp:attachment":[{"href":"https:\/\/www.licht-sockelleiste.de\/fr\/wp-json\/wp\/v2\/media\/?parent=3093"}],"curies":[{"name":"wp","href":"https:\/\/api.w.org\/{rel}","templated":true}]}}