{"id":2491,"date":"2017-09-02T17:45:04","date_gmt":"2017-09-02T15:45:04","guid":{"rendered":"https:\/\/www.licht-sockelleiste.de\/home-2\/"},"modified":"2021-05-05T14:34:42","modified_gmt":"2021-05-05T12:34:42","slug":"home-2","status":"publish","type":"page","link":"https:\/\/www.licht-sockelleiste.de\/fr\/","title":{"rendered":"Page d&rsquo;accueil"},"content":{"rendered":"<div class=\"wrapper\"><div id=\"\" class=\"column-section clearfix spaced-normal \"><div  class=\"column two-third  \" ><div class=\"spacer spacer-big\"><\/div>\n<h2>Informations cl\u00e9s sur le Cubica Light System 80<\/h2>\n<div class=\"spacer spacer-medium\"><\/div>\n<p>Que ce soit comme un accent l\u00e9ger pour une atmosph\u00e8re confortable dans vos propres quatre murs ou comme une solution de s\u00e9curit\u00e9 pour les h\u00f4tels, les navires ou les \u00e9tablissements de sant\u00e9 &#8211; le syst\u00e8me d&rsquo;\u00e9clairage Cubica est la solution d&rsquo;\u00e9clairage de la plus haute qualit\u00e9 et la plus flexible du march\u00e9.<\/p>\n<div class=\"spacer spacer-medium\"><\/div><\/div><div  class=\"column one-third last-col \" ><\/div><\/div><\/div><div class=\"wrapper\"><div id=\"portfolio-grid1\" class=\"isotope-grid isotope-spaced style-column-4 no-anim portfolio-container\" >\n    <div class=\"isotope-item portfolio-item cat-71 \">\n        <div class=\"portfolio-item-inner item-inner\">\n            <a href=\"\" class=\"thumb-hover image\" target=_self >\n                <img width=\"500\" height=\"500\" src=\"https:\/\/www.licht-sockelleiste.de\/wp-content\/uploads\/2020\/06\/Keyfact_fr_1.gif\" class=\"attachment-dani-thumb-medium size-dani-thumb-medium wp-post-image\" alt=\"\" loading=\"lazy\" \/>                \n                <div class=\"hover-image\"><img src=\"https:\/\/www.licht-sockelleiste.de\/wp-content\/uploads\/2020\/06\/Keyfact_fr_2.gif\" width=\"500\" height=\"500\" class=\"hover\"\/><\/div>                \n                                            <\/a>\n                    <\/div>\n    <\/div>\n    <div class=\"isotope-item portfolio-item cat-71 \">\n        <div class=\"portfolio-item-inner item-inner\">\n            <a href=\"#\" class=\"thumb-hover image\" target=_self >\n                <img width=\"500\" height=\"500\" src=\"https:\/\/www.licht-sockelleiste.de\/wp-content\/uploads\/2020\/06\/Keyfact_fr_3.gif\" class=\"attachment-dani-thumb-medium size-dani-thumb-medium wp-post-image\" alt=\"\" loading=\"lazy\" \/>                \n                <div class=\"hover-image\"><img src=\"https:\/\/www.licht-sockelleiste.de\/wp-content\/uploads\/2020\/06\/Keyfact_fr_4.gif\" width=\"500\" height=\"500\" class=\"hover\"\/><\/div>                \n                                            <\/a>\n                    <\/div>\n    <\/div>\n    <div class=\"isotope-item portfolio-item cat-71 \">\n        <div class=\"portfolio-item-inner item-inner\">\n            <a href=\"#\" class=\"thumb-hover image\" target=_self >\n                <img width=\"500\" height=\"500\" src=\"https:\/\/www.licht-sockelleiste.de\/wp-content\/uploads\/2020\/06\/Keyfact_fr_5.gif\" class=\"attachment-dani-thumb-medium size-dani-thumb-medium wp-post-image\" alt=\"\" loading=\"lazy\" \/>                \n                <div class=\"hover-image\"><img src=\"https:\/\/www.licht-sockelleiste.de\/wp-content\/uploads\/2020\/06\/Keyfact_fr_6.gif\" width=\"500\" height=\"500\" class=\"hover\"\/><\/div>                \n                                            <\/a>\n                    <\/div>\n    <\/div>\n    <div class=\"isotope-item portfolio-item cat-71 \">\n        <div class=\"portfolio-item-inner item-inner\">\n            <a href=\"#\" class=\"thumb-hover image\" target=_self >\n                <img width=\"500\" height=\"500\" src=\"https:\/\/www.licht-sockelleiste.de\/wp-content\/uploads\/2020\/06\/Keyfact_fr_7.gif\" class=\"attachment-dani-thumb-medium size-dani-thumb-medium wp-post-image\" alt=\"\" loading=\"lazy\" \/>                \n                <div class=\"hover-image\"><img src=\"https:\/\/www.licht-sockelleiste.de\/wp-content\/uploads\/2020\/06\/Keyfact_fr_8.gif\" width=\"500\" height=\"500\" class=\"hover\"\/><\/div>                \n                                            <\/a>\n                    <\/div>\n    <\/div><\/div><\/div> <!-- END .wrapper --><div class=\"wrapper\"><div id=\"\" class=\"column-section clearfix spaced-normal \"><div  class=\"column two-fourth  \" ><\/div><div  class=\"column one-fourth  \" ><div class=\"spacer spacer-medium\"><\/div>\n<div class=\"font-loved quote-orange text-right\" style=\"text-align: center;\"><span class=\"inline-block\">\u201eBandes lumineuses de haute<\/span><br \/>\n<span class=\"inline-block\">qualit\u00e9 de D\u00f6llken Profiles\u201c<\/span><\/div>\n<\/div><div  class=\"column one-fourth last-col \" ><\/div><\/div><\/div><div class=\"spacer spacer-big\"><\/div><div id=\"details\" class=\"fullwidth-section text-dark\" style=\"background-color:#f7f5f2\"><div class=\"fullwidth-content\" style=\"padding-top:100px;padding-bottom:50px;\"><div class=\"wrapper\"><div id=\"\" class=\"column-section clearfix spaced-normal \"><div  class=\"column two-third  \" >\n<h2>Le syst\u00e8me d&rsquo;\u00e9clairage Cubica &#8211; D\u00e9tails du produit<\/h2>\n<div class=\"spacer spacer-medium\"><\/div>\n<h3>\u00c0 propos du syst\u00e8me<\/h3>\n<p>Le Cubica Light System est propos\u00e9 sous forme de syst\u00e8me avec une bande LED et une alimentation adapt\u00e9e (kit de d\u00e9marrage LED). L&rsquo;\u00e9mission lumineuse est lin\u00e9aire et homog\u00e8ne, donc aucun point lumineux individuel n&rsquo;est visible. La barrette peut \u00e9galement \u00eatre utilis\u00e9e comme simple barrette de c\u00e2bles (sans fen\u00eatre lumineuse) ou en combinaison avec une barrette lumineuse et une goulotte de c\u00e2bles. Les pi\u00e8ces moul\u00e9es du syst\u00e8me sont disponibles dans des d\u00e9cors assortis (embouts, connecteurs, coins int\u00e9rieurs et ext\u00e9rieurs).<\/p>\n<p>La barre lumineuse peut \u00e9galement \u00eatre combin\u00e9e avec la plinthe centrale <a href=\"https:\/\/www.doellken-weimar.de\/de\/produkte\/kernsockelleisten\/\">Cubu flex<\/a>. Les dimensions et les d\u00e9cors ont \u00e9t\u00e9 coordonn\u00e9s. De cette mani\u00e8re, il est possible que seule une partie de la pi\u00e8ce soit \u00e9clair\u00e9e. D\u00f6llken Profiles propose \u00e9galement des conseils li\u00e9s au projet, <a href=\"https:\/\/www.licht-sockelleiste.de\/konfigurator\/\">la configuration<\/a> et le montage de la barre lumineuse, en particulier pour le secteur des contrats.<\/p>\n<h3>Le Cubica Light System 80 propose 2 variantes d&rsquo;\u00e9clairage, 3 options de d\u00e9coration et 1 set de d\u00e9marrage pour une ambiance lumineuse parfaitement mise en sc\u00e8ne<\/h3>\n<p>Les deux options de bordure l\u00e9g\u00e8re ouvrent diverses possibilit\u00e9s pour un usage professionnel qui n&rsquo;avaient jamais exist\u00e9 auparavant. Le Cubica Light System 80 a de nouveau r\u00e9ussi \u00e0 concevoir une plinthe \u00abr\u00e9fl\u00e9chie\u00bb qui laisse au processeur mais aussi au planificateur une marge de man\u0153uvre suffisante dans ses souhaits de conception, mais en m\u00eame temps impressionne par sa simplicit\u00e9 d&rsquo;ex\u00e9cution.<\/p>\n<div class=\"spacer spacer-medium\"><\/div><\/div><div  class=\"column one-third last-col \" ><\/div><\/div><\/div><div class=\"spacer spacer-medium\"><\/div><div class=\"wrapper\"><div id=\"\" class=\"column-section clearfix spaced-normal \"><div  class=\"column one-fourth  \" >\n<p><img loading=\"lazy\" class=\"aligncenter size-large wp-image-3220\" src=\"https:\/\/www.licht-sockelleiste.de\/wp-content\/uploads\/2020\/11\/Grundprofil-1024x1024.jpg\" alt=\"\" width=\"1024\" height=\"1024\" srcset=\"https:\/\/www.licht-sockelleiste.de\/wp-content\/uploads\/2020\/11\/Grundprofil-1024x1024.jpg 1024w, https:\/\/www.licht-sockelleiste.de\/wp-content\/uploads\/2020\/11\/Grundprofil-300x300.jpg 300w, https:\/\/www.licht-sockelleiste.de\/wp-content\/uploads\/2020\/11\/Grundprofil-150x150.jpg 150w, https:\/\/www.licht-sockelleiste.de\/wp-content\/uploads\/2020\/11\/Grundprofil-768x768.jpg 768w, https:\/\/www.licht-sockelleiste.de\/wp-content\/uploads\/2020\/11\/Grundprofil-420x420.jpg 420w, https:\/\/www.licht-sockelleiste.de\/wp-content\/uploads\/2020\/11\/Grundprofil-600x600.jpg 600w, https:\/\/www.licht-sockelleiste.de\/wp-content\/uploads\/2020\/11\/Grundprofil-900x900.jpg 900w, https:\/\/www.licht-sockelleiste.de\/wp-content\/uploads\/2020\/11\/Grundprofil-1290x1290.jpg 1290w, https:\/\/www.licht-sockelleiste.de\/wp-content\/uploads\/2020\/11\/Grundprofil-1320x1320.jpg 1320w, https:\/\/www.licht-sockelleiste.de\/wp-content\/uploads\/2020\/11\/Grundprofil.jpg 1440w\" sizes=\"(max-width: 1024px) 100vw, 1024px\" \/><\/p>\n<div class=\"spacer spacer-small\"><\/div>\n<p>Profil de base<\/p>\n<\/div><div  class=\"column one-fourth  \" >\n<p><img loading=\"lazy\" class=\"aligncenter size-full wp-image-3214\" src=\"https:\/\/www.licht-sockelleiste.de\/wp-content\/uploads\/2020\/11\/unten.jpg\" alt=\"\" width=\"800\" height=\"800\" srcset=\"https:\/\/www.licht-sockelleiste.de\/wp-content\/uploads\/2020\/11\/unten.jpg 800w, https:\/\/www.licht-sockelleiste.de\/wp-content\/uploads\/2020\/11\/unten-300x300.jpg 300w, https:\/\/www.licht-sockelleiste.de\/wp-content\/uploads\/2020\/11\/unten-150x150.jpg 150w, https:\/\/www.licht-sockelleiste.de\/wp-content\/uploads\/2020\/11\/unten-768x768.jpg 768w, https:\/\/www.licht-sockelleiste.de\/wp-content\/uploads\/2020\/11\/unten-420x420.jpg 420w, https:\/\/www.licht-sockelleiste.de\/wp-content\/uploads\/2020\/11\/unten-600x600.jpg 600w\" sizes=\"(max-width: 800px) 100vw, 800px\" \/><\/p>\n<div class=\"spacer spacer-small\"><\/div>\n<p>Sortie lumineuse ci-dessous<\/p>\n<\/div><div  class=\"column one-fourth  \" >\n<p><img loading=\"lazy\" class=\"aligncenter size-full wp-image-3202\" src=\"https:\/\/www.licht-sockelleiste.de\/wp-content\/uploads\/2020\/11\/oben.jpg\" alt=\"\" width=\"800\" height=\"800\" srcset=\"https:\/\/www.licht-sockelleiste.de\/wp-content\/uploads\/2020\/11\/oben.jpg 800w, https:\/\/www.licht-sockelleiste.de\/wp-content\/uploads\/2020\/11\/oben-300x300.jpg 300w, https:\/\/www.licht-sockelleiste.de\/wp-content\/uploads\/2020\/11\/oben-150x150.jpg 150w, https:\/\/www.licht-sockelleiste.de\/wp-content\/uploads\/2020\/11\/oben-768x768.jpg 768w, https:\/\/www.licht-sockelleiste.de\/wp-content\/uploads\/2020\/11\/oben-420x420.jpg 420w, https:\/\/www.licht-sockelleiste.de\/wp-content\/uploads\/2020\/11\/oben-600x600.jpg 600w\" sizes=\"(max-width: 800px) 100vw, 800px\" \/><\/p>\n<div class=\"spacer spacer-small\"><\/div>\n<p>Sortie lumineuse au dessus<\/p>\n<\/div><div  class=\"column one-fourth last-col \" >\n<p><img loading=\"lazy\" class=\"aligncenter size-full wp-image-3196\" src=\"https:\/\/www.licht-sockelleiste.de\/wp-content\/uploads\/2020\/11\/geschlossen.jpg\" alt=\"\" width=\"800\" height=\"800\" srcset=\"https:\/\/www.licht-sockelleiste.de\/wp-content\/uploads\/2020\/11\/geschlossen.jpg 800w, https:\/\/www.licht-sockelleiste.de\/wp-content\/uploads\/2020\/11\/geschlossen-300x300.jpg 300w, https:\/\/www.licht-sockelleiste.de\/wp-content\/uploads\/2020\/11\/geschlossen-150x150.jpg 150w, https:\/\/www.licht-sockelleiste.de\/wp-content\/uploads\/2020\/11\/geschlossen-768x768.jpg 768w, https:\/\/www.licht-sockelleiste.de\/wp-content\/uploads\/2020\/11\/geschlossen-420x420.jpg 420w, https:\/\/www.licht-sockelleiste.de\/wp-content\/uploads\/2020\/11\/geschlossen-600x600.jpg 600w\" sizes=\"(max-width: 800px) 100vw, 800px\" \/><\/p>\n<div class=\"spacer spacer-small\"><\/div>\n<p>barre de canal cabale ferm\u00e9e<\/p>\n<\/div><\/div><\/div><div class=\"spacer spacer-medium\"><\/div><div class=\"wrapper\"><div id=\"\" class=\"column-section clearfix spaced-normal \"><div  class=\"column one-fourth  \" >\n<p><img loading=\"lazy\" class=\"aligncenter wp-image-3276\" src=\"https:\/\/www.licht-sockelleiste.de\/wp-content\/uploads\/2021\/03\/1160-355x355-1.jpg\" alt=\"\" width=\"250\" height=\"250\" srcset=\"https:\/\/www.licht-sockelleiste.de\/wp-content\/uploads\/2021\/03\/1160-355x355-1.jpg 355w, https:\/\/www.licht-sockelleiste.de\/wp-content\/uploads\/2021\/03\/1160-355x355-1-300x300.jpg 300w, https:\/\/www.licht-sockelleiste.de\/wp-content\/uploads\/2021\/03\/1160-355x355-1-150x150.jpg 150w\" sizes=\"(max-width: 250px) 100vw, 250px\" \/><\/p>\n<div class=\"spacer spacer-small\"><\/div>\n<p>1160 aluminium<\/p>\n<\/div><div  class=\"column one-fourth  \" >\n<p><img loading=\"lazy\" class=\"aligncenter wp-image-3282\" src=\"https:\/\/www.licht-sockelleiste.de\/wp-content\/uploads\/2021\/03\/1013-355x355-1.jpg\" alt=\"\" width=\"250\" height=\"250\" srcset=\"https:\/\/www.licht-sockelleiste.de\/wp-content\/uploads\/2021\/03\/1013-355x355-1.jpg 355w, https:\/\/www.licht-sockelleiste.de\/wp-content\/uploads\/2021\/03\/1013-355x355-1-300x300.jpg 300w, https:\/\/www.licht-sockelleiste.de\/wp-content\/uploads\/2021\/03\/1013-355x355-1-150x150.jpg 150w\" sizes=\"(max-width: 250px) 100vw, 250px\" \/><\/p>\n<div class=\"spacer spacer-small\"><\/div>\n<p>1207 blanc<\/p>\n<\/div><div  class=\"column one-fourth  \" >\n<p><img loading=\"lazy\" class=\"aligncenter wp-image-3294\" src=\"https:\/\/www.licht-sockelleiste.de\/wp-content\/uploads\/2021\/03\/1245-355x355-1.jpg\" alt=\"\" width=\"250\" height=\"250\" srcset=\"https:\/\/www.licht-sockelleiste.de\/wp-content\/uploads\/2021\/03\/1245-355x355-1.jpg 355w, https:\/\/www.licht-sockelleiste.de\/wp-content\/uploads\/2021\/03\/1245-355x355-1-300x300.jpg 300w, https:\/\/www.licht-sockelleiste.de\/wp-content\/uploads\/2021\/03\/1245-355x355-1-150x150.jpg 150w\" sizes=\"(max-width: 250px) 100vw, 250px\" \/><\/p>\n<div class=\"spacer spacer-small\"><\/div>\n<p>1245 champagner<\/p>\n<\/div><div  class=\"column one-fourth last-col \" >\n<p><img loading=\"lazy\" class=\"aligncenter wp-image-3288\" src=\"https:\/\/www.licht-sockelleiste.de\/wp-content\/uploads\/2021\/03\/1209-355x355-1.jpg\" alt=\"\" width=\"250\" height=\"250\" srcset=\"https:\/\/www.licht-sockelleiste.de\/wp-content\/uploads\/2021\/03\/1209-355x355-1.jpg 355w, https:\/\/www.licht-sockelleiste.de\/wp-content\/uploads\/2021\/03\/1209-355x355-1-300x300.jpg 300w, https:\/\/www.licht-sockelleiste.de\/wp-content\/uploads\/2021\/03\/1209-355x355-1-150x150.jpg 150w\" sizes=\"(max-width: 250px) 100vw, 250px\" \/><\/p>\n<div class=\"spacer spacer-small\"><\/div>\n<p>1209 anthracite<\/p>\n<\/div><\/div><\/div><\/div><\/div><div class=\"spacer spacer-big\"><\/div><div class=\"wrapper\"><div id=\"\" class=\"column-section clearfix spaced-normal \"><div  class=\"column two-third  \" >\n<h2>Kit de d\u00e9marrage &#8211; tout d&rsquo;une seule source<\/h2>\n<div class=\"spacer spacer-medium\"><\/div>\n<p>Le Cubica Light System 80 est propos\u00e9 par D\u00f6llken comme un syst\u00e8me avec une bande LED et une alimentation appropri\u00e9e (kit de d\u00e9marrage LED). Vous recevez toutes les pi\u00e8ces requises d&rsquo;une seule source et une solution professionnelle compl\u00e8te pour les plus hautes exigences.<\/p>\n<p>Le kit de d\u00e9marrage comprend les variantes suivantes:<\/p>\n<p><strong>Kit de d\u00e9marrage<\/strong>: (A) c\u00e2ble d&rsquo;extension, (B) connecteur (bande LED vers c\u00e2ble), connecteur (C) (bande LED vers bande LED), (D) c\u00e2ble de connexion LED, (E) c\u00e2ble de distribution Y, (F) alimentation pack (transformateur pour prise 230 V), bande LED (G)<br \/>\n<strong>Kit de commande<\/strong>: prise radio (H) et interrupteur radio (I)<\/p>\n<div class=\"spacer spacer-medium\"><\/div><\/div><div  class=\"column one-third last-col \" >\n<div class=\"font-loved quote-orange text-right\"><span class=\"inline-block\">\u00ab\u00a0Contr\u00f4lable \u00e0 distance avec le<\/span><br \/>\n<span class=\"inline-block\">Kit de d\u00e9marrage Premium\u00a0\u00bb<\/span><\/div>\n<div class=\"spacer spacer-medium\"><\/div><\/div><\/div><\/div><div class=\"wrapper\"><div id=\"\" class=\"column-section clearfix spaced-normal \"><div  class=\"column one-full last-col \" >\n\n<div class=\"spacer spacer-medium\"><\/div><\/div><\/div><\/div><div class=\"wrapper\"><div id=\"\" class=\"column-section clearfix spaced-normal \"><div  class=\"column two-third  \" >\n<h3>Bandes lumineuses LED de notre propre production<\/h3>\n<p>Contrairement aux autres bandes lumineuses, la bande LED int\u00e9gr\u00e9e et les connexions proviennent de notre propre production (Made in Europe). Ces bandes de haute qualit\u00e9 sont vendues sous la marque \u00ab<a href=\"https:\/\/www.doellken-lighting.com\" target=\"_blank\" rel=\"noopener\">D\u00f6llken Lighting<\/a>\u00bb depuis plus de huit ans. Le r\u00e9sultat est une lumi\u00e8re lin\u00e9aire, tr\u00e8s homog\u00e8ne, sans taches lumineuses visibles et l&rsquo;\u00e9clairage \u00e9mergeant uniform\u00e9ment.<\/p>\n<div class=\"spacer spacer-medium\"><\/div><\/div><div  class=\"column one-third last-col \" ><\/div><\/div><\/div><div class=\"spacer spacer-big\"><\/div><div  class=\"fullwidth-section text-dark\" style=\"background-color:#f7f5f2\"><div class=\"fullwidth-content\" style=\"padding-top:100px;padding-bottom:50px;\"><div class=\"wrapper\"><div id=\"\" class=\"column-section clearfix spaced-normal \"><div  class=\"column two-third  \" >\n<h2>Variantes d&rsquo;\u00e9mission lumineuse<\/h2>\n<div class=\"spacer spacer-medium\"><\/div>\n<p>Contrairement aux bandes lumineuses conventionnelles, le Cubica Light System 80 dispose de deux lunettes lumineuses possibles: une lunette lat\u00e9rale et une partie sup\u00e9rieure ouverte. D\u00e9riv\u00e9 de cela, le planificateur et la couche de sol ont trois options de mise en \u0153uvre diff\u00e9rentes: lumi\u00e8re lat\u00e9rale, lumi\u00e8re vers le haut et pas d&rsquo;\u00e9clairage du tout. Dans ce dernier cas, cependant, la barre peut \u00eatre utilis\u00e9e pour l&rsquo;acheminement des c\u00e2bles. Un profil\u00e9 de recouvrement appropri\u00e9 ferme l&rsquo;arbre et cache le c\u00e2ble. Dans ce cas, m\u00eame plus tard, un acc\u00e8s au c\u00e2ble est possible sans d\u00e9monter toute la barre.<\/p>\n<div class=\"spacer spacer-medium\"><\/div><\/div><div  class=\"column one-third last-col \" ><\/div><\/div><\/div><div class=\"wrapper\"><div id=\"\" class=\"column-section clearfix spaced-normal \"><div  class=\"column one-full last-col \" >\n\n<div class=\"spacer spacer-medium\"><\/div><\/div><\/div><\/div><\/div><\/div><div class=\"spacer spacer-big\"><\/div><div class=\"wrapper\"><div id=\"\" class=\"column-section clearfix spaced-normal \"><div  class=\"column two-third  \" >\n<h2>#mitd\u00f6llkenmade<\/h2>\n<div class=\"spacer spacer-medium\"><\/div>\n<p>Montrez votre plinthe &#8211; envoyez vos r\u00e9f\u00e9rences maintenant et gagnez 100 \u20ac en esp\u00e8ces! Envoyez-nous un WhatsApp avec votre projet Cubica Light System 80 au +49 (0) 151566603 94<\/p>\n<div class=\"spacer spacer-medium\"><\/div><\/div><div  class=\"column one-third last-col \" ><\/div><\/div><\/div><div class=\"wrapper\"><div id=\"\" class=\"column-section clearfix spaced-normal \"><div  class=\"column one-full last-col \" >\n<p><iframe loading=\"lazy\" src=\"https:\/\/player.vimeo.com\/video\/441026140\" width=\"640\" height=\"480\" frameborder=\"0\" allowfullscreen=\"allowfullscreen\"><\/iframe><\/p>\n<div class=\"spacer spacer-medium\"><\/div><\/div><\/div><\/div><div class=\"spacer spacer-medium\"><\/div><div class=\"wrapper\"><div id=\"\" class=\"column-section clearfix spaced-normal \"><div  class=\"column two-third  \" >\n<p>En envoyant une r\u00e9f\u00e9rence au num\u00e9ro \/ adresse e-mail sp\u00e9cifi\u00e9, le participant accepte express\u00e9ment les pr\u00e9sentes conditions g\u00e9n\u00e9rales de participation. La r\u00e9f\u00e9rence sera envoy\u00e9e sous la forme d&rsquo;une photo significative au num\u00e9ro de portable sp\u00e9cifi\u00e9 (via WhatsApp) ou par e-mail \u00e0 <a href=\"mailto:marketing@doellken-profiles.com\">marketing@doellken-profiles.com<\/a>. En soumettant la photo, l&rsquo;exp\u00e9diteur doit s&rsquo;assurer que le propri\u00e9taire ou le client est autoris\u00e9 \u00e0 prendre des photos de l&rsquo;objet concern\u00e9 et \u00e0 transmettre le mat\u00e9riel photographique.<\/p>\n<p>Les employ\u00e9s de D\u00f6llken Profiles GmbH sont exclus de la participation. Il en va de m\u00eame pour leurs proches ou partenaires de vie. Si l&rsquo;organisateur prend connaissance de manipulations techniques ou de toute autre violation des pr\u00e9sentes conditions de participation, il exclura le participant. Dans ces cas, la prime peut \u00e9galement \u00eatre r\u00e9voqu\u00e9e r\u00e9trospectivement. La participation n&rsquo;est possible que jusqu&rsquo;au 31 d\u00e9cembre 2020.<\/p>\n<div class=\"spacer spacer-medium\"><\/div><\/div><div  class=\"column one-third last-col \" >\n<p><a href=\"https:\/\/www.doellken-weimar.de\/de\/teilnahmebedingungen\/\"><img loading=\"lazy\" class=\"aligncenter wp-image-2894 size-full\" src=\"https:\/\/www.licht-sockelleiste.de\/wp-content\/uploads\/2020\/06\/Teilnahmebedinungen_fr.jpg\" alt=\"\" width=\"500\" height=\"500\" srcset=\"https:\/\/www.licht-sockelleiste.de\/wp-content\/uploads\/2020\/06\/Teilnahmebedinungen_fr.jpg 500w, https:\/\/www.licht-sockelleiste.de\/wp-content\/uploads\/2020\/06\/Teilnahmebedinungen_fr-300x300.jpg 300w, https:\/\/www.licht-sockelleiste.de\/wp-content\/uploads\/2020\/06\/Teilnahmebedinungen_fr-150x150.jpg 150w, https:\/\/www.licht-sockelleiste.de\/wp-content\/uploads\/2020\/06\/Teilnahmebedinungen_fr-420x420.jpg 420w\" sizes=\"(max-width: 500px) 100vw, 500px\" \/><\/a><\/p>\n<\/div><\/div><\/div><div class=\"spacer spacer-big\"><\/div>\n","protected":false},"excerpt":{"rendered":"","protected":false},"author":2,"featured_media":0,"parent":0,"menu_order":0,"comment_status":"closed","ping_status":"closed","template":"","meta":[],"_links":{"self":[{"href":"https:\/\/www.licht-sockelleiste.de\/fr\/wp-json\/wp\/v2\/pages\/2491\/"}],"collection":[{"href":"https:\/\/www.licht-sockelleiste.de\/fr\/wp-json\/wp\/v2\/pages\/"}],"about":[{"href":"https:\/\/www.licht-sockelleiste.de\/fr\/wp-json\/wp\/v2\/types\/page\/"}],"author":[{"embeddable":true,"href":"https:\/\/www.licht-sockelleiste.de\/fr\/wp-json\/wp\/v2\/users\/2\/"}],"replies":[{"embeddable":true,"href":"https:\/\/www.licht-sockelleiste.de\/fr\/wp-json\/wp\/v2\/comments\/?post=2491"}],"version-history":[{"count":10,"href":"https:\/\/www.licht-sockelleiste.de\/fr\/wp-json\/wp\/v2\/pages\/2491\/revisions\/"}],"predecessor-version":[{"id":3412,"href":"https:\/\/www.licht-sockelleiste.de\/fr\/wp-json\/wp\/v2\/pages\/2491\/revisions\/3412\/"}],"wp:attachment":[{"href":"https:\/\/www.licht-sockelleiste.de\/fr\/wp-json\/wp\/v2\/media\/?parent=2491"}],"curies":[{"name":"wp","href":"https:\/\/api.w.org\/{rel}","templated":true}]}}