{"id":3078,"date":"2017-12-03T10:42:41","date_gmt":"2017-12-03T09:42:41","guid":{"rendered":"https:\/\/www.licht-sockelleiste.de\/faq\/"},"modified":"2020-10-14T16:22:49","modified_gmt":"2020-10-14T14:22:49","slug":"faq","status":"publish","type":"page","link":"https:\/\/www.licht-sockelleiste.de\/cz\/faq\/","title":{"rendered":"FAQ"},"content":{"rendered":"<div class=\"wrapper\"><div id=\"\" class=\"column-section clearfix spaced-normal \"><div  class=\"column two-third  \" ><div class=\"spacer spacer-big\"><\/div>\n<h2>FAQ &#8211; \u010casto kladen\u00e9 ot\u00e1zky<\/h2>\n<div class=\"spacer spacer-big\"><\/div>\n<h3>Co znamen\u00e1 vytla\u010dov\u00e1n\u00ed \/ vytla\u010dov\u00e1n\u00ed?<\/h3>\n<div class=\"spacer spacer-small\"><\/div>\n<p>Vytla\u010dov\u00e1n\u00ed je technologie procesu, p\u0159i kter\u00e9 se hmoty &#8211; v na\u0161em p\u0159\u00edpad\u011b plasty &#8211; lisuj\u00ed pomoc\u00ed speci\u00e1ln\u011b vyroben\u00fdch n\u00e1stroj\u016f a pomoc\u00ed tlaku a teploty se dost\u00e1vaj\u00ed do definovan\u00e9ho tvaru. V procesu vytla\u010dov\u00e1n\u00ed D\u00f6llken Lighting bal\u00edme na\u0161e vodiv\u00e9 f\u00f3lie LED d\u0159\u00edve roztaven\u00fdm plastem nekone\u010dn\u00fdm procesem. Vzhledem k r\u016fzn\u00fdm receptur\u00e1m materi\u00e1lu jde dokonce o technicky velmi n\u00e1ro\u010dn\u00e9 spole\u010dn\u00e9 vytla\u010dov\u00e1n\u00ed.<\/p>\n<div class=\"spacer spacer-medium\"><\/div><\/div><div  class=\"column one-third last-col \" ><\/div><\/div><\/div><div class=\"wrapper\"><div id=\"\" class=\"column-section clearfix spaced-normal \"><div  class=\"column two-third  \" >\n<h3>Obsahuj\u00ed LED p\u00e1sy D\u00f6llken Lighting PVC?<\/h3>\n<div class=\"spacer spacer-small\"><\/div>\n<p>Ne, \u017e\u00e1dn\u00fd z na\u0161ich produkt\u016f, ani opl\u00e1\u0161t\u011bn\u00e9 p\u00e1sky, ani konektory nebo kabely neobsahuj\u00ed PVC nebo jin\u00e9 materi\u00e1ly obsahuj\u00edc\u00ed chl\u00f3r. Krom\u011b toho jsou v\u0161echny pou\u017eit\u00e9 l\u00e1tky samoz\u0159ejm\u011b v souladu s na\u0159\u00edzen\u00edm REACH. Krom\u011b toho tak\u00e9 zpracov\u00e1v\u00e1me potenci\u00e1ln\u00ed odpady, pokud je to mo\u017en\u00e9, nebo zaji\u0161\u0165ujeme vhodnou recyklaci.<\/p>\n<div class=\"spacer spacer-medium\"><\/div><\/div><div  class=\"column one-third last-col \" ><\/div><\/div><\/div><div class=\"wrapper\"><div id=\"\" class=\"column-section clearfix spaced-normal \"><div  class=\"column two-third  \" >\n<h3>Kde se vyr\u00e1b\u011bj\u00ed produkty?<\/h3>\n<div class=\"spacer spacer-small\"><\/div>\n<p>V\u0161echny na\u0161e LED p\u00e1sky a vodiv\u00e9 f\u00f3lie vyr\u00e1b\u00edme v N\u011bmecku a jednotliv\u00e9 komponenty, jako jsou LED \u010dipy, nakupujeme pouze od renomovan\u00fdch vysoce kvalitn\u00edch dodavatel\u016f. Na\u0161e \u017eeb\u0159\u00edkov\u00e9 f\u00f3lie tedy nejsou zakoupen\u00e9 polo\u017eky, ale stoprocentn\u00ed n\u011bmeck\u00e1 produkce. V\u011bt\u0161ina na\u0161ich mont\u00e1\u017en\u00edch profil\u016f se vyr\u00e1b\u00ed tak\u00e9 p\u0159\u00edmo v N\u011bmecku; d\u00edly se vyr\u00e1b\u011bj\u00ed v jin\u00fdch evropsk\u00fdch zem\u00edch podle na\u0161ich kvalitativn\u00edch specifikac\u00ed. U nab\u00edzen\u00fdch p\u0159ed\u0159adn\u00edk\u016f a ovlada\u010d\u016f se spol\u00e9h\u00e1me na mal\u00fd v\u00fdb\u011br za\u0159\u00edzen\u00ed prim\u00e1rn\u011b vyr\u00e1b\u011bn\u00fdch v Asii.<\/p>\n<div class=\"spacer spacer-medium\"><\/div><\/div><div  class=\"column one-third last-col \" ><\/div><\/div><\/div><div class=\"wrapper\"><div id=\"\" class=\"column-section clearfix spaced-normal \"><div  class=\"column two-third  \" >\n<h3>Co znamen\u00e1 DualWhite?<\/h3>\n<div class=\"spacer spacer-small\"><\/div>\n<p>Na\u0161e varianty DualWhite (rozpoznateln\u00e9 podle n\u00e1zvu produktu, jako je CoreFlex 14 \/ DualWhite) maj\u00ed dva r\u016fzn\u00e9 b\u00edl\u00e9 LED \u010dipy: \u010dip 2700 Kelvin (tepl\u00e1 b\u00edl\u00e1) a \u010dip 5000 Kelvin (studen\u00e1 b\u00edl\u00e1). Pomoc\u00ed vhodn\u00e9ho ovl\u00e1d\u00e1n\u00ed lze teplotu sv\u011btla upravit podle pot\u0159eby nebo podle denn\u00ed doby &#8211; a to pouze s jedn\u00edm v\u00fdrobkem.<\/p>\n<div class=\"spacer spacer-medium\"><\/div><\/div><div  class=\"column one-third last-col \" ><\/div><\/div><\/div><div class=\"wrapper\"><div id=\"\" class=\"column-section clearfix spaced-normal \"><div  class=\"column two-third  \" >\n<h3>M\u011bn\u00ed p\u00e1ska MultiColor Flex pouze zm\u011bnu barvy RGB?<\/h3>\n<div class=\"spacer spacer-small\"><\/div>\n<p>MultiColor Flex lze samoz\u0159ejm\u011b objednat tak\u00e9 ve verzi 14 \/ RGB nebo 14 \/ RGBW s vybaven\u00edm RGB. Je v\u0161ak k dispozici tak\u00e9 v jednoduch\u00e9 a dvojit\u00e9 b\u00edl\u00e9 verzi.<br \/>\nN\u00e1zev MultiColor Flex p\u016fvodn\u011b vych\u00e1zel ze skute\u010dnosti, \u017ee se jednalo o prvn\u00ed z na\u0161ich LED p\u00e1sk\u016f, kter\u00e9 m\u011bly b\u00edle zbarven\u00e9 bo\u010dn\u00ed a horn\u00ed povrchy. Krom\u011b toho m\u016f\u017eeme plast obarvit na libovolnou barvu a pou\u017e\u00edt tak p\u00e1sku jako designov\u00fd prvek, i kdy\u017e je vypnut\u00e1.<\/p>\n<div class=\"spacer spacer-medium\"><\/div><\/div><div  class=\"column one-third last-col \" ><\/div><\/div><\/div><div class=\"wrapper\"><div id=\"\" class=\"column-section clearfix spaced-normal \"><div  class=\"column two-third  \" >\n<h3>M\u00e1 p\u00e1ska LinearColor Flex zm\u011bnu barvy RGB?<\/h3>\n<div class=\"spacer spacer-small\"><\/div>\n<p>P\u00e1sku LinearColor Flex lze objednat tak\u00e9 jako verzi RGB \/ RGBW s \u010dist\u011b b\u00edlou barvou sv\u011btla s r\u016fzn\u00fdmi teplotami barev a jako verzi DualWhite.<br \/>\nPodobn\u011b jako u MultiColor Flex je n\u00e1zev d\u00e1n skute\u010dnost\u00ed, \u017ee povrch vyza\u0159uj\u00edc\u00ed sv\u011btlo lze obarvit jakoukoli barvou, aby p\u0159edstavoval designov\u00fd prvek, i kdy\u017e je vypnut\u00fd. Toto je obl\u00edben\u00e1 varianta, zejm\u00e9na pro firemn\u00ed design osv\u011btlen\u00ed.<\/p>\n<div class=\"spacer spacer-medium\"><\/div><\/div><div  class=\"column one-third last-col \" ><\/div><\/div><\/div><div class=\"wrapper\"><div id=\"\" class=\"column-section clearfix spaced-normal \"><div  class=\"column two-third  \" >\n<h3>Jsou LED p\u00e1sky D\u00f6llken-Lighting vhodn\u00e9 pro venkovn\u00ed nebo podvodn\u00ed aplikace?<\/h3>\n<div class=\"spacer spacer-small\"><\/div>\n<p>Ano, d\u00edky na\u0161\u00ed technologii potahov\u00e1n\u00ed, vytla\u010dov\u00e1n\u00ed, jsou v\u0161echny na\u0161e p\u00e1sky chr\u00e1n\u011bny IP68, co\u017e znamen\u00e1, \u017ee jsou vhodn\u00e9 pro trval\u00e9 pono\u0159en\u00ed do vody. Pravideln\u00e9mu venkovn\u00edmu pou\u017eit\u00ed nic nestoj\u00ed v cest\u011b &#8211; bez ohledu na oblast. Na\u0161e v\u00fdrobky jsme dokonce testovali v hloubce vody 3250 m &#8211; v\u010detn\u011b koncovek, p\u0159ipojen\u00ed a p\u0159echodu z p\u00e1sky na kabel. D\u00edky na\u0161emu patentovan\u00e9mu procesu p\u0159ipojen\u00ed m\u00e1 cel\u00fd n\u00e1\u0161 syst\u00e9m certifikaci IP68 a je tak chr\u00e1n\u011bn proti pronik\u00e1n\u00ed vlhkosti kapil\u00e1rn\u00edmi \u00fa\u010dinky.<\/p>\n<div class=\"spacer spacer-medium\"><\/div><\/div><div  class=\"column one-third last-col \" ><\/div><\/div><\/div><div class=\"wrapper\"><div id=\"\" class=\"column-section clearfix spaced-normal \"><div  class=\"column two-third  \" >\n<h3>Pro kter\u00e9 oblasti je va\u0161e LED osv\u011btlen\u00ed zvl\u00e1\u0161\u0165 vhodn\u00e9?<\/h3>\n<div class=\"spacer spacer-small\"><\/div>\n<p>D\u00edky sv\u00e9 \u00fapln\u00e9 ochran\u011b IP68 a IK08 jsou na\u0161e v\u00fdrobky ide\u00e1ln\u00ed pro venkovn\u00ed aplikace nebo oblasti s mechanick\u00fdmi vlivy nebo obt\u00ed\u017en\u00fdmi klimatick\u00fdmi podm\u00ednkami. Ale i uvnit\u0159 tyto v\u00fdhody p\u0159irozen\u011b nab\u00edzej\u00ed ochranu p\u0159ed po\u0161kozen\u00edm \u010distic\u00edmi prost\u0159edky, kontaktem nebo vlhkost\u00ed.<\/p>\n<div class=\"spacer spacer-medium\"><\/div><\/div><div  class=\"column one-third last-col \" ><\/div><\/div><\/div><div class=\"wrapper\"><div id=\"\" class=\"column-section clearfix spaced-normal \"><div  class=\"column two-third  \" >\n<h3>Jak jsou LED p\u00e1sky p\u0159ipevn\u011bny?<\/h3>\n<div class=\"spacer spacer-small\"><\/div>\n<p>Pro bezpe\u010dn\u00e9 upevn\u011bn\u00ed v\u0161ech na\u0161ich extrudovan\u00fdch p\u00e1sek jsme vyvinuli speci\u00e1ln\u00ed hlin\u00edkov\u00e9 mont\u00e1\u017en\u00ed profily. V\u00fdkresy k tomu najdete na produktov\u00fdch str\u00e1nk\u00e1ch na\u0161eho webu nebo v p\u0159\u00edslu\u0161n\u00fdch technick\u00fdch listech pro LED p\u00e1sky.<\/p>\n<div class=\"spacer spacer-medium\"><\/div><\/div><div  class=\"column one-third last-col \" ><\/div><\/div><\/div><div class=\"wrapper\"><div id=\"\" class=\"column-section clearfix spaced-normal \"><div  class=\"column two-third  \" >\n<h3>Jsou hlin\u00edkov\u00e9 profily vhodn\u00e9 i pro podvodn\u00ed instalace?<\/h3>\n<div class=\"spacer spacer-small\"><\/div>\n<p>Hlin\u00edk je vhodn\u00fd pouze pro pou\u017eit\u00ed pod vodou. V p\u0159\u00edpadech, kdy se p\u00e1sky maj\u00ed pou\u017e\u00edvat pod vodn\u00ed hladinou, doporu\u010dujeme je lepit mont\u00e1\u017en\u00edm lepidlem. R\u00e1di doporu\u010d\u00edme vhodn\u00e9 typy pro p\u0159\u00edslu\u0161n\u00fd podklad. V z\u00e1vislosti na aplikaci jsou mo\u017en\u00e9 tak\u00e9 speci\u00e1ln\u00ed profily z nerezov\u00e9 oceli nebo plastu pro mont\u00e1\u017e.<\/p>\n<div class=\"spacer spacer-medium\"><\/div><\/div><div  class=\"column one-third last-col \" ><\/div><\/div><\/div><div class=\"wrapper\"><div id=\"\" class=\"column-section clearfix spaced-normal \"><div  class=\"column two-third  \" >\n<h3>Je mo\u017en\u00e9 ovl\u00e1dat p\u00e1sma pomoc\u00ed DALI \/ 0-10V \/ DMX za\u0159\u00edzen\u00ed?<\/h3>\n<div class=\"spacer spacer-small\"><\/div>\n<p>V\u0161echny na\u0161e p\u00e1sy lze p\u0159i pou\u017eit\u00ed vhodn\u00e9 elektroniky ovl\u00e1dat v\u0161emi b\u011b\u017en\u00fdmi typy protokol\u016f. Pro spolehliv\u00e9 stm\u00edv\u00e1n\u00ed v\u0161ak mus\u00ed za\u0159\u00edzen\u00ed vyd\u00e1vat sign\u00e1l PWM (pulsn\u011b \u0161\u00ed\u0159kov\u00e1 modulace).<\/p>\n<div class=\"spacer spacer-medium\"><\/div><\/div><div  class=\"column one-third last-col \" ><\/div><\/div><\/div><div class=\"wrapper\"><div id=\"\" class=\"column-section clearfix spaced-normal \"><div  class=\"column two-third  \" >\n<h3>Jak\u00e9 jsou maxim\u00e1ln\u00ed d\u00e9lky kabel\u016f?<\/h3>\n<div class=\"spacer spacer-small\"><\/div>\n<p>Z d\u016fvodu poklesu nap\u011bt\u00ed to z\u00e1vis\u00ed na r\u016fzn\u00fdch faktorech, jako je pou\u017eit\u00fd pr\u016f\u0159ez kabelu nebo d\u00e9lka LED p\u00e1sky. Jako vod\u00edtko pro d\u00e9lky kabel\u016f prost\u0159ednictv\u00edm na\u0161\u00ed mont\u00e1\u017en\u00ed slu\u017eby p\u0159edpokl\u00e1d\u00e1me maxim\u00e1ln\u00ed standardn\u00ed d\u00e9lku p\u011bt metr\u016f, ale d\u00e9lky p\u0159izp\u016fsob\u00edme projektu nebo aplikaci po konzultaci s na\u0161imi z\u00e1kazn\u00edky.<\/p>\n<div class=\"spacer spacer-medium\"><\/div><\/div><div  class=\"column one-third last-col \" ><\/div><\/div><\/div><div class=\"wrapper\"><div id=\"\" class=\"column-section clearfix spaced-normal \"><div  class=\"column two-third  \" >\n<h3>Sly\u0161el jsem o \u201eblik\u00e1n\u00ed\u201c u LED sv\u011btel, vyskytuje se toto blik\u00e1n\u00ed tak\u00e9 u va\u0161ich produkt\u016f?<\/h3>\n<div class=\"spacer spacer-small\"><\/div>\n<p>Blik\u00e1n\u00ed je v\u017edy jev, ke kter\u00e9mu doch\u00e1z\u00ed ve spojen\u00ed s p\u0159\u00edslu\u0161n\u00fdmi p\u0159ed\u0159adn\u00edky nebo s ovl\u00e1d\u00e1n\u00edm a stm\u00edv\u00e1n\u00edm LED diod. P\u0159i pou\u017eit\u00ed vysoce kvalitn\u00edch stm\u00edva\u010d\u016f je blik\u00e1n\u00ed p\u00e1s\u016f nepost\u0159ehnuteln\u00e9 nebo dokonce okam\u017eit\u011b \u0161kodliv\u00e9.<\/p>\n<div class=\"spacer spacer-medium\"><\/div><\/div><div  class=\"column one-third last-col \" ><\/div><\/div><\/div><div class=\"wrapper\"><div id=\"\" class=\"column-section clearfix spaced-normal \"><div  class=\"column two-third  \" >\n<h3>Lze LED p\u00e1sky vyrobit tak\u00e9 ve speci\u00e1ln\u00edch barv\u00e1ch, pokud jde o barvu sv\u011btla nebo povlak?<\/h3>\n<div class=\"spacer spacer-small\"><\/div>\n<p>D\u00edky vytla\u010dov\u00e1n\u00ed dok\u00e1\u017eeme jednotliv\u011b vybarvit horn\u00ed vrstvy a bo\u010dn\u00ed povrchy t\u00e9m\u011b\u0159 v\u0161ech na\u0161ich produkt\u016f, a t\u00edm tak\u00e9 splnit po\u017eadavky na design firemn\u00edho osv\u011btlen\u00ed nebo odfiltrovat speci\u00e1ln\u00ed spektr\u00e1ln\u00ed slo\u017eky sv\u011btla. Sta\u010d\u00ed n\u00e1s kontaktovat.<\/p>\n<div class=\"spacer spacer-big\"><\/div><\/div><div  class=\"column one-third last-col \" ><\/div><\/div><\/div>\n","protected":false},"excerpt":{"rendered":"","protected":false},"author":2,"featured_media":0,"parent":0,"menu_order":0,"comment_status":"closed","ping_status":"closed","template":"","meta":[],"_links":{"self":[{"href":"https:\/\/www.licht-sockelleiste.de\/cz\/wp-json\/wp\/v2\/pages\/3078\/"}],"collection":[{"href":"https:\/\/www.licht-sockelleiste.de\/cz\/wp-json\/wp\/v2\/pages\/"}],"about":[{"href":"https:\/\/www.licht-sockelleiste.de\/cz\/wp-json\/wp\/v2\/types\/page\/"}],"author":[{"embeddable":true,"href":"https:\/\/www.licht-sockelleiste.de\/cz\/wp-json\/wp\/v2\/users\/2\/"}],"replies":[{"embeddable":true,"href":"https:\/\/www.licht-sockelleiste.de\/cz\/wp-json\/wp\/v2\/comments\/?post=3078"}],"version-history":[{"count":2,"href":"https:\/\/www.licht-sockelleiste.de\/cz\/wp-json\/wp\/v2\/pages\/3078\/revisions\/"}],"predecessor-version":[{"id":3086,"href":"https:\/\/www.licht-sockelleiste.de\/cz\/wp-json\/wp\/v2\/pages\/3078\/revisions\/3086\/"}],"wp:attachment":[{"href":"https:\/\/www.licht-sockelleiste.de\/cz\/wp-json\/wp\/v2\/media\/?parent=3078"}],"curies":[{"name":"wp","href":"https:\/\/api.w.org\/{rel}","templated":true}]}}