{"id":2591,"date":"2020-07-16T16:10:35","date_gmt":"2020-07-16T14:10:35","guid":{"rendered":"https:\/\/www.licht-sockelleiste.de\/konfigurator\/"},"modified":"2021-10-25T16:22:23","modified_gmt":"2021-10-25T14:22:23","slug":"konfigurator","status":"publish","type":"page","link":"https:\/\/www.licht-sockelleiste.de\/cz\/konfigurator\/","title":{"rendered":"Konfigur\u00e1tor"},"content":{"rendered":"<div  class=\"fullwidth-section text-dark\" style=\"background-color:#f7f5f2\"><div class=\"fullwidth-content\" style=\"padding-top:100px;padding-bottom:100px;\"><div class=\"wrapper\"><div id=\"\" class=\"column-section clearfix spaced-normal \"><div  class=\"column two-third  \" >\n<h1>Konfigur\u00e1tor<\/h1>\n<div class=\"spacer spacer-medium\"><\/div>\n<p>Chcete v m\u00edstnosti nov\u00e9 osv\u011btlen\u00ed?<\/p>\n<p>S konfigur\u00e1torem produktu m\u016f\u017eete zdarma napl\u00e1novat li\u0161tu Cubica Light System 80 pro sv\u016fj \u017eivotn\u00ed prostor. Zde najdete d\u016fle\u017eit\u00e9 ot\u00e1zky t\u00fdkaj\u00edc\u00ed se va\u0161eho projektu. Jednodu\u0161e vypl\u0148te kontaktn\u00ed formul\u00e1\u0159 n\u00ed\u017ee a my v\u00e1m za\u0161leme vhodnou nab\u00eddku.<\/p>\n<div class=\"spacer spacer-medium\"><\/div>\n<p><iframe style=\"border: none;width: 100%;\" src=\"https:\/\/www.licht-sockelleiste.de\/wp-content\/plugins\/led-configurator\/app\/dist\/index.html\" id=\"ledconfigurator\" locale=\"cz\"><\/iframe><\/p>\n<\/div><div  class=\"column one-third last-col \" ><\/div><\/div><\/div><\/div><\/div>\n","protected":false},"excerpt":{"rendered":"","protected":false},"author":1,"featured_media":0,"parent":0,"menu_order":0,"comment_status":"closed","ping_status":"closed","template":"","meta":[],"_links":{"self":[{"href":"https:\/\/www.licht-sockelleiste.de\/cz\/wp-json\/wp\/v2\/pages\/2591\/"}],"collection":[{"href":"https:\/\/www.licht-sockelleiste.de\/cz\/wp-json\/wp\/v2\/pages\/"}],"about":[{"href":"https:\/\/www.licht-sockelleiste.de\/cz\/wp-json\/wp\/v2\/types\/page\/"}],"author":[{"embeddable":true,"href":"https:\/\/www.licht-sockelleiste.de\/cz\/wp-json\/wp\/v2\/users\/1\/"}],"replies":[{"embeddable":true,"href":"https:\/\/www.licht-sockelleiste.de\/cz\/wp-json\/wp\/v2\/comments\/?post=2591"}],"version-history":[{"count":2,"href":"https:\/\/www.licht-sockelleiste.de\/cz\/wp-json\/wp\/v2\/pages\/2591\/revisions\/"}],"predecessor-version":[{"id":3469,"href":"https:\/\/www.licht-sockelleiste.de\/cz\/wp-json\/wp\/v2\/pages\/2591\/revisions\/3469\/"}],"wp:attachment":[{"href":"https:\/\/www.licht-sockelleiste.de\/cz\/wp-json\/wp\/v2\/media\/?parent=2591"}],"curies":[{"name":"wp","href":"https:\/\/api.w.org\/{rel}","templated":true}]}}