{"id":2551,"date":"2020-07-20T14:31:03","date_gmt":"2020-07-20T12:31:03","guid":{"rendered":"https:\/\/www.licht-sockelleiste.de\/installation\/"},"modified":"2021-04-19T15:28:40","modified_gmt":"2021-04-19T13:28:40","slug":"instalace","status":"publish","type":"page","link":"https:\/\/www.licht-sockelleiste.de\/cz\/instalace\/","title":{"rendered":"instalace"},"content":{"rendered":"<div class=\"wrapper\"><div id=\"\" class=\"column-section clearfix spaced-normal \"><div  class=\"column two-third  \" ><div class=\"spacer spacer-big\"><\/div>\n<h1>Rychl\u00e1 instalace ve 4 kroc\u00edch<\/h1>\n<div class=\"spacer spacer-medium\"><\/div>\n<p>Syst\u00e9m Cubica Light System 80 lze nainstalovat ve 4 jednoduch\u00fdch kroc\u00edch.<\/p>\n<p>N\u00ed\u017ee naleznete stru\u010dn\u00e9 pokyny pro instalaci pro instalaci soklov\u00e9 li\u0161ty Cubica Light System 80. Chcete-li z\u00edskat podrobn\u011bj\u0161\u00ed informace, st\u00e1hn\u011bte si pokyny pro zpracov\u00e1n\u00ed, kter\u00e9 najdete v doln\u00ed \u010d\u00e1sti str\u00e1nky.<\/p>\n<div class=\"spacer spacer-medium\"><\/div><\/div><div  class=\"column one-third last-col \" ><\/div><\/div><\/div><div class=\"wrapper\"><div id=\"\" class=\"column-section clearfix spaced-normal \"><div  class=\"column two-third  \" ><\/div><div  class=\"column one-third last-col \" ><div class=\"spacer spacer-medium\"><\/div>\n<div class=\"font-loved quote-orange text-right\" style=\"text-align: center;\"><span class=\"inline-block\">&#8220;Jednoduch\u00e9 a profesion\u00e1ln\u00ed &#8211; 4 kroky<\/span><br \/>\n<span class=\"inline-block\">do dokon\u010den\u00e9 instalace&#8221;<\/span><\/div>\n<\/div><\/div><\/div><div class=\"spacer spacer-big\"><\/div><div class=\"wrapper\"><div id=\"\" class=\"column-section clearfix spaced-normal \"><div  class=\"column one-half  \" >\n<h2>Krok 1<\/h2>\n<div class=\"spacer spacer-medium\"><\/div>\n<p><img loading=\"lazy\" class=\"aligncenter wp-image-3032 size-full\" src=\"https:\/\/www.licht-sockelleiste.de\/wp-content\/uploads\/2020\/09\/Schritt1-Grundprofil.jpg\" alt=\"\" width=\"1663\" height=\"938\" srcset=\"https:\/\/www.licht-sockelleiste.de\/wp-content\/uploads\/2020\/09\/Schritt1-Grundprofil.jpg 1663w, https:\/\/www.licht-sockelleiste.de\/wp-content\/uploads\/2020\/09\/Schritt1-Grundprofil-300x169.jpg 300w, https:\/\/www.licht-sockelleiste.de\/wp-content\/uploads\/2020\/09\/Schritt1-Grundprofil-1024x578.jpg 1024w, https:\/\/www.licht-sockelleiste.de\/wp-content\/uploads\/2020\/09\/Schritt1-Grundprofil-768x433.jpg 768w, https:\/\/www.licht-sockelleiste.de\/wp-content\/uploads\/2020\/09\/Schritt1-Grundprofil-1536x866.jpg 1536w, https:\/\/www.licht-sockelleiste.de\/wp-content\/uploads\/2020\/09\/Schritt1-Grundprofil-420x237.jpg 420w, https:\/\/www.licht-sockelleiste.de\/wp-content\/uploads\/2020\/09\/Schritt1-Grundprofil-600x338.jpg 600w, https:\/\/www.licht-sockelleiste.de\/wp-content\/uploads\/2020\/09\/Schritt1-Grundprofil-900x508.jpg 900w, https:\/\/www.licht-sockelleiste.de\/wp-content\/uploads\/2020\/09\/Schritt1-Grundprofil-1290x728.jpg 1290w, https:\/\/www.licht-sockelleiste.de\/wp-content\/uploads\/2020\/09\/Schritt1-Grundprofil-1320x745.jpg 1320w\" sizes=\"(max-width: 1663px) 100vw, 1663px\" \/><\/p>\n<div class=\"spacer spacer-medium\"><\/div>\n<p>Nejprve je z\u00e1kladn\u00ed profil p\u0159ipevn\u011bn ke zdi pomoc\u00ed \u0161roub\u016f p\u0159ed zasunut\u00edm sv\u011bteln\u00e9ho pruhu LED do mont\u00e1\u017en\u00edho vybr\u00e1n\u00ed z\u00e1kladn\u00edho profilu.<\/p>\n<div class=\"spacer spacer-medium\"><\/div><\/div><div  class=\"column one-half last-col \" >\n<h2>Krok 2<\/h2>\n<div class=\"spacer spacer-medium\"><\/div>\n<p><img loading=\"lazy\" class=\"aligncenter wp-image-3038 size-full\" src=\"https:\/\/www.licht-sockelleiste.de\/wp-content\/uploads\/2020\/09\/Schritt2-LED-Band.jpg\" alt=\"\" width=\"1670\" height=\"939\" srcset=\"https:\/\/www.licht-sockelleiste.de\/wp-content\/uploads\/2020\/09\/Schritt2-LED-Band.jpg 1670w, https:\/\/www.licht-sockelleiste.de\/wp-content\/uploads\/2020\/09\/Schritt2-LED-Band-300x169.jpg 300w, https:\/\/www.licht-sockelleiste.de\/wp-content\/uploads\/2020\/09\/Schritt2-LED-Band-1024x576.jpg 1024w, https:\/\/www.licht-sockelleiste.de\/wp-content\/uploads\/2020\/09\/Schritt2-LED-Band-768x432.jpg 768w, https:\/\/www.licht-sockelleiste.de\/wp-content\/uploads\/2020\/09\/Schritt2-LED-Band-1536x864.jpg 1536w, https:\/\/www.licht-sockelleiste.de\/wp-content\/uploads\/2020\/09\/Schritt2-LED-Band-420x236.jpg 420w, https:\/\/www.licht-sockelleiste.de\/wp-content\/uploads\/2020\/09\/Schritt2-LED-Band-600x337.jpg 600w, https:\/\/www.licht-sockelleiste.de\/wp-content\/uploads\/2020\/09\/Schritt2-LED-Band-900x506.jpg 900w, https:\/\/www.licht-sockelleiste.de\/wp-content\/uploads\/2020\/09\/Schritt2-LED-Band-1290x725.jpg 1290w, https:\/\/www.licht-sockelleiste.de\/wp-content\/uploads\/2020\/09\/Schritt2-LED-Band-1320x742.jpg 1320w\" sizes=\"(max-width: 1670px) 100vw, 1670px\" \/><\/p>\n<div class=\"spacer spacer-medium\"><\/div>\n<p>Pot\u00e9 se p\u00e1ska LED, kterou lze zkr\u00e1tit ka\u017ed\u00fdch 5 cm, p\u0159ipoj\u00ed k nap\u00e1jen\u00ed pomoc\u00ed zdroje nap\u00e1jen\u00ed a zaklapne se na kryc\u00ed profil.<\/p>\n<div class=\"spacer spacer-medium\"><\/div><\/div><\/div><\/div><div class=\"wrapper\"><div id=\"\" class=\"column-section clearfix spaced-normal \"><div  class=\"column one-half  \" >\n<h2>Krok 3<\/h2>\n<div class=\"spacer spacer-medium\"><\/div>\n<p><img loading=\"lazy\" class=\"aligncenter wp-image-3026 size-full\" src=\"https:\/\/www.licht-sockelleiste.de\/wp-content\/uploads\/2020\/09\/Schritt3-MontageDeckprofil.jpg\" alt=\"\" width=\"1671\" height=\"940\" srcset=\"https:\/\/www.licht-sockelleiste.de\/wp-content\/uploads\/2020\/09\/Schritt3-MontageDeckprofil.jpg 1671w, https:\/\/www.licht-sockelleiste.de\/wp-content\/uploads\/2020\/09\/Schritt3-MontageDeckprofil-300x169.jpg 300w, https:\/\/www.licht-sockelleiste.de\/wp-content\/uploads\/2020\/09\/Schritt3-MontageDeckprofil-1024x576.jpg 1024w, https:\/\/www.licht-sockelleiste.de\/wp-content\/uploads\/2020\/09\/Schritt3-MontageDeckprofil-768x432.jpg 768w, https:\/\/www.licht-sockelleiste.de\/wp-content\/uploads\/2020\/09\/Schritt3-MontageDeckprofil-1536x864.jpg 1536w, https:\/\/www.licht-sockelleiste.de\/wp-content\/uploads\/2020\/09\/Schritt3-MontageDeckprofil-420x236.jpg 420w, https:\/\/www.licht-sockelleiste.de\/wp-content\/uploads\/2020\/09\/Schritt3-MontageDeckprofil-600x338.jpg 600w, https:\/\/www.licht-sockelleiste.de\/wp-content\/uploads\/2020\/09\/Schritt3-MontageDeckprofil-900x506.jpg 900w, https:\/\/www.licht-sockelleiste.de\/wp-content\/uploads\/2020\/09\/Schritt3-MontageDeckprofil-1290x726.jpg 1290w, https:\/\/www.licht-sockelleiste.de\/wp-content\/uploads\/2020\/09\/Schritt3-MontageDeckprofil-1320x743.jpg 1320w\" sizes=\"(max-width: 1671px) 100vw, 1671px\" \/><\/p>\n<div class=\"spacer spacer-medium\"><\/div>\n<p>Mont\u00e1\u017e li\u0161ty bez pou\u017eit\u00ed n\u00e1stroj\u016f je tak\u00e9 mo\u017en\u00e1 za rohem, proto\u017ee odpov\u00eddaj\u00edc\u00ed tvarovan\u00e9 d\u00edly jsou v tov\u00e1rn\u011b k dispozici jako vn\u011bj\u0161\u00ed a vnit\u0159n\u00ed rohy.<\/p>\n<div class=\"spacer spacer-medium\"><\/div><\/div><div  class=\"column one-half last-col \" >\n<h2>Krok 4<\/h2>\n<div class=\"spacer spacer-medium\"><\/div>\n<p><img loading=\"lazy\" class=\"aligncenter wp-image-3020 size-full\" src=\"https:\/\/www.licht-sockelleiste.de\/wp-content\/uploads\/2020\/09\/Schritt4_InstallationFunk-Komponente.jpg\" alt=\"\" width=\"2560\" height=\"1707\" \/><\/p>\n<div class=\"spacer spacer-medium\"><\/div>\n<p>Cubica LS v\u0161ak lze tak\u00e9 snadno namontovat a nainstalovat bez p\u0159\u00edslu\u0161enstv\u00ed.<\/p>\n<div class=\"spacer spacer-medium\"><\/div><\/div><\/div><\/div><div class=\"spacer spacer-medium\"><\/div><div class=\"wrapper\"><div id=\"\" class=\"column-section clearfix spaced-normal \"><div  class=\"column one-half  \" >\n<h3><a href=\"https:\/\/www.licht-sockelleiste.de\/wp-content\/uploads\/2020\/07\/5905393_Verarbeitungsanleitung-Cubica-LS-Grund-u-Deckprofilmontage_DENG_DINA4_web.pdf\" target=\"_blank\" rel=\"noopener noreferrer\">St\u00e1hn\u011bte si z\u00e1kladn\u00ed pokyny pro zpracov\u00e1n\u00ed a zakryt\u00ed profilu<\/a><\/h3>\n<div class=\"spacer spacer-small\"><\/div>\n<h3><a href=\"https:\/\/www.licht-sockelleiste.de\/wp-content\/uploads\/2021\/04\/5905392-2021-04-19-VA-Cubica-LS-Starter-Set-Broschuere-web.pdf\" target=\"_blank\" rel=\"noopener noreferrer\">St\u00e1hn\u011bte si n\u00e1vod na zpracov\u00e1n\u00ed LED osv\u011btlovac\u00edho syst\u00e9mu<\/a><\/h3>\n<\/div><div  class=\"column one-half last-col \" ><\/div><\/div><\/div><div class=\"spacer spacer-big\"><\/div>\n","protected":false},"excerpt":{"rendered":"","protected":false},"author":2,"featured_media":0,"parent":0,"menu_order":0,"comment_status":"closed","ping_status":"closed","template":"","meta":[],"_links":{"self":[{"href":"https:\/\/www.licht-sockelleiste.de\/cz\/wp-json\/wp\/v2\/pages\/2551\/"}],"collection":[{"href":"https:\/\/www.licht-sockelleiste.de\/cz\/wp-json\/wp\/v2\/pages\/"}],"about":[{"href":"https:\/\/www.licht-sockelleiste.de\/cz\/wp-json\/wp\/v2\/types\/page\/"}],"author":[{"embeddable":true,"href":"https:\/\/www.licht-sockelleiste.de\/cz\/wp-json\/wp\/v2\/users\/2\/"}],"replies":[{"embeddable":true,"href":"https:\/\/www.licht-sockelleiste.de\/cz\/wp-json\/wp\/v2\/comments\/?post=2551"}],"version-history":[{"count":6,"href":"https:\/\/www.licht-sockelleiste.de\/cz\/wp-json\/wp\/v2\/pages\/2551\/revisions\/"}],"predecessor-version":[{"id":3401,"href":"https:\/\/www.licht-sockelleiste.de\/cz\/wp-json\/wp\/v2\/pages\/2551\/revisions\/3401\/"}],"wp:attachment":[{"href":"https:\/\/www.licht-sockelleiste.de\/cz\/wp-json\/wp\/v2\/media\/?parent=2551"}],"curies":[{"name":"wp","href":"https:\/\/api.w.org\/{rel}","templated":true}]}}