{"id":2485,"date":"2017-09-02T17:45:04","date_gmt":"2017-09-02T15:45:04","guid":{"rendered":"https:\/\/www.licht-sockelleiste.de\/home-2\/"},"modified":"2022-01-28T09:08:29","modified_gmt":"2022-01-28T08:08:29","slug":"home-2","status":"publish","type":"page","link":"https:\/\/www.licht-sockelleiste.de\/cz\/","title":{"rendered":"Domovsk\u00e1 str\u00e1nka"},"content":{"rendered":"<div class=\"wrapper\"><div id=\"\" class=\"column-section clearfix spaced-normal \"><div  class=\"column two-third  \" ><div class=\"spacer spacer-big\"><\/div>\n<h2>Kl\u00ed\u010dov\u00e1 fakta o syst\u00e9mu Cubica Light 80<\/h2>\n<div class=\"spacer spacer-medium\"><\/div>\n<p>A\u0165 u\u017e jako sv\u011bteln\u00fd p\u0159\u00edzvuk pro pohodlnou atmosf\u00e9ru ve vlastn\u00edch \u010dty\u0159ech st\u011bn\u00e1ch nebo jako bezpe\u010dnostn\u00ed \u0159e\u0161en\u00ed pro hotely, lod\u011b nebo zdravotnick\u00e1 za\u0159\u00edzen\u00ed &#8211; sv\u011bteln\u00fd syst\u00e9m Cubica je nejkvalitn\u011bj\u0161\u00edm a nejflexibiln\u011bj\u0161\u00edm \u0159e\u0161en\u00edm osv\u011btlen\u00ed na trhu.<\/p>\n<div class=\"spacer spacer-medium\"><\/div><\/div><div  class=\"column one-third last-col \" ><\/div><\/div><\/div><div class=\"wrapper\"><div id=\"portfolio-grid1\" class=\"isotope-grid isotope-spaced style-column-4 no-anim portfolio-container\" >\n    <div class=\"isotope-item portfolio-item cat-65 \">\n        <div class=\"portfolio-item-inner item-inner\">\n            <a href=\"\" class=\"thumb-hover image\" target=_self >\n                <img width=\"500\" height=\"500\" src=\"https:\/\/www.licht-sockelleiste.de\/wp-content\/uploads\/2020\/06\/Keyfact_cz_1.gif\" class=\"attachment-dani-thumb-medium size-dani-thumb-medium wp-post-image\" alt=\"\" loading=\"lazy\" \/>                \n                <div class=\"hover-image\"><img src=\"https:\/\/www.licht-sockelleiste.de\/wp-content\/uploads\/2020\/06\/Keyfact_cz_2.gif\" width=\"500\" height=\"500\" class=\"hover\"\/><\/div>                \n                                            <\/a>\n                    <\/div>\n    <\/div>\n    <div class=\"isotope-item portfolio-item cat-65 \">\n        <div class=\"portfolio-item-inner item-inner\">\n            <a href=\"#\" class=\"thumb-hover image\" target=_self >\n                <img width=\"500\" height=\"500\" src=\"https:\/\/www.licht-sockelleiste.de\/wp-content\/uploads\/2020\/06\/Keyfact_cz_3.gif\" class=\"attachment-dani-thumb-medium size-dani-thumb-medium wp-post-image\" alt=\"\" loading=\"lazy\" \/>                \n                <div class=\"hover-image\"><img src=\"https:\/\/www.licht-sockelleiste.de\/wp-content\/uploads\/2020\/06\/Keyfact_cz_4.gif\" width=\"500\" height=\"500\" class=\"hover\"\/><\/div>                \n                                            <\/a>\n                    <\/div>\n    <\/div>\n    <div class=\"isotope-item portfolio-item cat-65 \">\n        <div class=\"portfolio-item-inner item-inner\">\n            <a href=\"#\" class=\"thumb-hover image\" target=_self >\n                <img width=\"500\" height=\"500\" src=\"https:\/\/www.licht-sockelleiste.de\/wp-content\/uploads\/2020\/06\/Keyfact_cz_5.gif\" class=\"attachment-dani-thumb-medium size-dani-thumb-medium wp-post-image\" alt=\"\" loading=\"lazy\" \/>                \n                <div class=\"hover-image\"><img src=\"https:\/\/www.licht-sockelleiste.de\/wp-content\/uploads\/2020\/06\/Keyfact_cz_6.gif\" width=\"500\" height=\"500\" class=\"hover\"\/><\/div>                \n                                            <\/a>\n                    <\/div>\n    <\/div>\n    <div class=\"isotope-item portfolio-item cat-65 \">\n        <div class=\"portfolio-item-inner item-inner\">\n            <a href=\"#\" class=\"thumb-hover image\" target=_self >\n                <img width=\"500\" height=\"500\" src=\"https:\/\/www.licht-sockelleiste.de\/wp-content\/uploads\/2020\/06\/Keyfact_cz_7.gif\" class=\"attachment-dani-thumb-medium size-dani-thumb-medium wp-post-image\" alt=\"\" loading=\"lazy\" \/>                \n                <div class=\"hover-image\"><img src=\"https:\/\/www.licht-sockelleiste.de\/wp-content\/uploads\/2020\/06\/Keyfact_cz_8.gif\" width=\"500\" height=\"500\" class=\"hover\"\/><\/div>                \n                                            <\/a>\n                    <\/div>\n    <\/div><\/div><\/div> <!-- END .wrapper --><div class=\"wrapper\"><div id=\"\" class=\"column-section clearfix spaced-normal \"><div  class=\"column two-fourth  \" ><\/div><div  class=\"column one-fourth  \" ><div class=\"spacer spacer-medium\"><\/div>\n<div class=\"font-loved quote-orange text-right\" style=\"text-align: center;\"><span class=\"inline-block\">\u201eVysoce kvalitn\u00ed sv\u011bteln\u00e9 p\u00e1sy od<\/span><br \/>\n<span class=\"inline-block\">spole\u010dnosti D\u00f6llken Profiles\u201c<\/span><\/div>\n<\/div><div  class=\"column one-fourth last-col \" ><\/div><\/div><\/div><div class=\"spacer spacer-big\"><\/div><div id=\"details\" class=\"fullwidth-section text-dark\" style=\"background-color:#f7f5f2\"><div class=\"fullwidth-content\" style=\"padding-top:100px;padding-bottom:50px;\"><div class=\"wrapper\"><div id=\"\" class=\"column-section clearfix spaced-normal \"><div  class=\"column two-third  \" >\n<h2>Sv\u011bteln\u00fd syst\u00e9m Cubica &#8211; podrobnosti o produktu<\/h2>\n<div class=\"spacer spacer-medium\"><\/div>\n<h3>O syst\u00e9mu<\/h3>\n<p>Sv\u011bteln\u00fd syst\u00e9m Cubica je nab\u00edzen jako syst\u00e9m s LED p\u00e1sem a vhodn\u00fdm nap\u00e1jec\u00edm zdrojem (LED startovac\u00ed sada). Emise sv\u011btla je line\u00e1rn\u00ed a homogenn\u00ed, tak\u017ee nejsou vid\u011bt \u017e\u00e1dn\u00e9 jednotliv\u00e9 sv\u011bteln\u00e9 body. P\u00e1s lze tak\u00e9 pou\u017e\u00edt jako jednoduch\u00fd p\u00e1s kabelov\u00fdch kan\u00e1l\u016f (bez sv\u011bteln\u00e9ho okna) nebo v kombinaci se sv\u011bteln\u00fdm p\u00e1sem a kabelovodem. Lisovan\u00e9 d\u00edly syst\u00e9mu jsou k dispozici v odpov\u00eddaj\u00edc\u00edch dekorech (koncov\u00e1 \u010depice, konektory, vnit\u0159n\u00ed a vn\u011bj\u0161\u00ed rohy).<\/p>\n<p>Sv\u011btelnou li\u0161tu lze tak\u00e9 kombinovat se z\u00e1kladn\u00ed li\u0161tou <a href=\"https:\/\/www.doellken-weimar.de\/de\/produkte\/kernsockelleisten\/\">Cubu flex<\/a>. Rozm\u011bry a dekory byly slad\u011bny. T\u00edmto zp\u016fsobem je mo\u017en\u00e9, \u017ee je osv\u011btlena pouze \u010d\u00e1st m\u00edstnosti. Spole\u010dnost D\u00f6llken Profiles nab\u00edz\u00ed tak\u00e9 poradenstv\u00ed, <a href=\"https:\/\/www.licht-sockelleiste.de\/konfigurator\/\">konfiguraci<\/a> a mont\u00e1\u017e sv\u011bteln\u00e9 li\u0161ty souvisej\u00edc\u00ed s projektem, zejm\u00e9na pro smluvn\u00ed sektor.<\/p>\n<h3>Sv\u011bteln\u00fd syst\u00e9m Cubica 80 nab\u00edz\u00ed 2 sv\u011bteln\u00e9 varianty, 4 dekora\u010dn\u00ed varianty a 1 startovac\u00ed sady pro dokonale uspo\u0159\u00e1dan\u00e9 osv\u011btlen\u00ed<\/h3>\n<p>Dv\u011b mo\u017enosti lemov\u00e1n\u00ed hran otev\u00edraj\u00ed r\u016fzn\u00e9 mo\u017enosti profesion\u00e1ln\u00edho pou\u017eit\u00ed, kter\u00e9 dosud neexistovaly. Cubica Light System 80 se op\u011bt poda\u0159ilo navrhnout \u201epromy\u0161lenou\u201c soklovou desku, kter\u00e1 opou\u0161t\u00ed zpracovatele, ale i pl\u00e1nova\u010de s dostate\u010dn\u00fdm prostorem v jeho p\u0159\u00e1n\u00ed, ale z\u00e1rove\u0148 zaujme svou jednoduchost\u00ed proveden\u00ed.<\/p>\n<div class=\"spacer spacer-medium\"><\/div><\/div><div  class=\"column one-third last-col \" ><\/div><\/div><\/div><div class=\"spacer spacer-medium\"><\/div><div class=\"wrapper\"><div id=\"\" class=\"column-section clearfix spaced-normal \"><div  class=\"column one-fourth  \" >\n<p><img loading=\"lazy\" class=\"aligncenter size-large wp-image-3217\" src=\"https:\/\/www.licht-sockelleiste.de\/wp-content\/uploads\/2020\/11\/Grundprofil-1024x1024.jpg\" alt=\"\" width=\"1024\" height=\"1024\" srcset=\"https:\/\/www.licht-sockelleiste.de\/wp-content\/uploads\/2020\/11\/Grundprofil-1024x1024.jpg 1024w, https:\/\/www.licht-sockelleiste.de\/wp-content\/uploads\/2020\/11\/Grundprofil-300x300.jpg 300w, https:\/\/www.licht-sockelleiste.de\/wp-content\/uploads\/2020\/11\/Grundprofil-150x150.jpg 150w, https:\/\/www.licht-sockelleiste.de\/wp-content\/uploads\/2020\/11\/Grundprofil-768x768.jpg 768w, https:\/\/www.licht-sockelleiste.de\/wp-content\/uploads\/2020\/11\/Grundprofil-420x420.jpg 420w, https:\/\/www.licht-sockelleiste.de\/wp-content\/uploads\/2020\/11\/Grundprofil-600x600.jpg 600w, https:\/\/www.licht-sockelleiste.de\/wp-content\/uploads\/2020\/11\/Grundprofil-900x900.jpg 900w, https:\/\/www.licht-sockelleiste.de\/wp-content\/uploads\/2020\/11\/Grundprofil-1290x1290.jpg 1290w, https:\/\/www.licht-sockelleiste.de\/wp-content\/uploads\/2020\/11\/Grundprofil-1320x1320.jpg 1320w, https:\/\/www.licht-sockelleiste.de\/wp-content\/uploads\/2020\/11\/Grundprofil.jpg 1440w\" sizes=\"(max-width: 1024px) 100vw, 1024px\" \/><\/p>\n<div class=\"spacer spacer-small\"><\/div>\n<p>Z\u00e1kladn\u00ed profil<\/p>\n<\/div><div  class=\"column one-fourth  \" >\n<p><img loading=\"lazy\" class=\"aligncenter size-full wp-image-3211\" src=\"https:\/\/www.licht-sockelleiste.de\/wp-content\/uploads\/2020\/11\/unten.jpg\" alt=\"\" width=\"800\" height=\"800\" srcset=\"https:\/\/www.licht-sockelleiste.de\/wp-content\/uploads\/2020\/11\/unten.jpg 800w, https:\/\/www.licht-sockelleiste.de\/wp-content\/uploads\/2020\/11\/unten-300x300.jpg 300w, https:\/\/www.licht-sockelleiste.de\/wp-content\/uploads\/2020\/11\/unten-150x150.jpg 150w, https:\/\/www.licht-sockelleiste.de\/wp-content\/uploads\/2020\/11\/unten-768x768.jpg 768w, https:\/\/www.licht-sockelleiste.de\/wp-content\/uploads\/2020\/11\/unten-420x420.jpg 420w, https:\/\/www.licht-sockelleiste.de\/wp-content\/uploads\/2020\/11\/unten-600x600.jpg 600w\" sizes=\"(max-width: 800px) 100vw, 800px\" \/><\/p>\n<div class=\"spacer spacer-small\"><\/div>\n<p>ni\u017e\u0161\u00ed emise sv\u011btla<\/p>\n<\/div><div  class=\"column one-fourth  \" >\n<p><img loading=\"lazy\" class=\"aligncenter size-full wp-image-3199\" src=\"https:\/\/www.licht-sockelleiste.de\/wp-content\/uploads\/2020\/11\/oben.jpg\" alt=\"\" width=\"800\" height=\"800\" srcset=\"https:\/\/www.licht-sockelleiste.de\/wp-content\/uploads\/2020\/11\/oben.jpg 800w, https:\/\/www.licht-sockelleiste.de\/wp-content\/uploads\/2020\/11\/oben-300x300.jpg 300w, https:\/\/www.licht-sockelleiste.de\/wp-content\/uploads\/2020\/11\/oben-150x150.jpg 150w, https:\/\/www.licht-sockelleiste.de\/wp-content\/uploads\/2020\/11\/oben-768x768.jpg 768w, https:\/\/www.licht-sockelleiste.de\/wp-content\/uploads\/2020\/11\/oben-420x420.jpg 420w, https:\/\/www.licht-sockelleiste.de\/wp-content\/uploads\/2020\/11\/oben-600x600.jpg 600w\" sizes=\"(max-width: 800px) 100vw, 800px\" \/><\/p>\n<div class=\"spacer spacer-small\"><\/div>\n<p>v\u00fd\u0161e emise sv\u011btla<\/p>\n<\/div><div  class=\"column one-fourth last-col \" >\n<p><img loading=\"lazy\" class=\"aligncenter size-full wp-image-3193\" src=\"https:\/\/www.licht-sockelleiste.de\/wp-content\/uploads\/2020\/11\/geschlossen.jpg\" alt=\"\" width=\"800\" height=\"800\" srcset=\"https:\/\/www.licht-sockelleiste.de\/wp-content\/uploads\/2020\/11\/geschlossen.jpg 800w, https:\/\/www.licht-sockelleiste.de\/wp-content\/uploads\/2020\/11\/geschlossen-300x300.jpg 300w, https:\/\/www.licht-sockelleiste.de\/wp-content\/uploads\/2020\/11\/geschlossen-150x150.jpg 150w, https:\/\/www.licht-sockelleiste.de\/wp-content\/uploads\/2020\/11\/geschlossen-768x768.jpg 768w, https:\/\/www.licht-sockelleiste.de\/wp-content\/uploads\/2020\/11\/geschlossen-420x420.jpg 420w, https:\/\/www.licht-sockelleiste.de\/wp-content\/uploads\/2020\/11\/geschlossen-600x600.jpg 600w\" sizes=\"(max-width: 800px) 100vw, 800px\" \/><\/p>\n<div class=\"spacer spacer-small\"><\/div>\n<p>uzav\u0159en\u00fd kabelov\u00fd kan\u00e1l<\/p>\n<\/div><\/div><\/div><div class=\"spacer spacer-medium\"><\/div><div class=\"wrapper\"><div id=\"\" class=\"column-section clearfix spaced-normal \"><div  class=\"column one-fourth  \" >\n<p><img loading=\"lazy\" class=\"aligncenter wp-image-3273\" src=\"https:\/\/www.licht-sockelleiste.de\/wp-content\/uploads\/2021\/03\/1160-355x355-1.jpg\" alt=\"\" width=\"250\" height=\"250\" srcset=\"https:\/\/www.licht-sockelleiste.de\/wp-content\/uploads\/2021\/03\/1160-355x355-1.jpg 355w, https:\/\/www.licht-sockelleiste.de\/wp-content\/uploads\/2021\/03\/1160-355x355-1-300x300.jpg 300w, https:\/\/www.licht-sockelleiste.de\/wp-content\/uploads\/2021\/03\/1160-355x355-1-150x150.jpg 150w\" sizes=\"(max-width: 250px) 100vw, 250px\" \/><\/p>\n<p>1160 aluminium<\/p>\n<\/div><div  class=\"column one-fourth  \" >\n<p><img loading=\"lazy\" class=\"aligncenter wp-image-3279\" src=\"https:\/\/www.licht-sockelleiste.de\/wp-content\/uploads\/2021\/03\/1013-355x355-1.jpg\" alt=\"\" width=\"250\" height=\"250\" srcset=\"https:\/\/www.licht-sockelleiste.de\/wp-content\/uploads\/2021\/03\/1013-355x355-1.jpg 355w, https:\/\/www.licht-sockelleiste.de\/wp-content\/uploads\/2021\/03\/1013-355x355-1-300x300.jpg 300w, https:\/\/www.licht-sockelleiste.de\/wp-content\/uploads\/2021\/03\/1013-355x355-1-150x150.jpg 150w\" sizes=\"(max-width: 250px) 100vw, 250px\" \/><\/p>\n<p>1207 wei\u00df<\/p>\n<\/div><div  class=\"column one-fourth  \" >\n<p><img loading=\"lazy\" class=\"aligncenter wp-image-3291\" src=\"https:\/\/www.licht-sockelleiste.de\/wp-content\/uploads\/2021\/03\/1245-355x355-1.jpg\" alt=\"\" width=\"250\" height=\"250\" srcset=\"https:\/\/www.licht-sockelleiste.de\/wp-content\/uploads\/2021\/03\/1245-355x355-1.jpg 355w, https:\/\/www.licht-sockelleiste.de\/wp-content\/uploads\/2021\/03\/1245-355x355-1-300x300.jpg 300w, https:\/\/www.licht-sockelleiste.de\/wp-content\/uploads\/2021\/03\/1245-355x355-1-150x150.jpg 150w\" sizes=\"(max-width: 250px) 100vw, 250px\" \/><\/p>\n<p>1245 champagner<\/p>\n<\/div><div  class=\"column one-fourth last-col \" >\n<p><img loading=\"lazy\" class=\"aligncenter wp-image-3285\" src=\"https:\/\/www.licht-sockelleiste.de\/wp-content\/uploads\/2021\/03\/1209-355x355-1.jpg\" alt=\"\" width=\"250\" height=\"250\" srcset=\"https:\/\/www.licht-sockelleiste.de\/wp-content\/uploads\/2021\/03\/1209-355x355-1.jpg 355w, https:\/\/www.licht-sockelleiste.de\/wp-content\/uploads\/2021\/03\/1209-355x355-1-300x300.jpg 300w, https:\/\/www.licht-sockelleiste.de\/wp-content\/uploads\/2021\/03\/1209-355x355-1-150x150.jpg 150w\" sizes=\"(max-width: 250px) 100vw, 250px\" \/><\/p>\n<p>1209 anthrazit<\/p>\n<\/div><\/div><\/div><\/div><\/div><div class=\"spacer spacer-big\"><\/div><div class=\"wrapper\"><div id=\"\" class=\"column-section clearfix spaced-normal \"><div  class=\"column two-third  \" >\n<h2>Startovac\u00ed sady &#8211; v\u0161e z jedin\u00e9ho zdroje<\/h2>\n<div class=\"spacer spacer-medium\"><\/div>\n<p>Syst\u00e9m Cubica Light System 80 nab\u00edz\u00ed spole\u010dnost D\u00f6llken jako syst\u00e9m s p\u00e1sem LED a vhodn\u00fdm nap\u00e1jec\u00edm zdrojem (sada LED pro start\u00e9ry). V\u0161echny pot\u0159ebn\u00e9 d\u00edly dostanete z jedin\u00e9ho zdroje a profesion\u00e1ln\u00ed kompletn\u00ed \u0159e\u0161en\u00ed pro nejvy\u0161\u0161\u00ed n\u00e1roky.<\/p>\n<p>Startovac\u00ed sada se skl\u00e1d\u00e1 z n\u00e1sleduj\u00edc\u00edch variant:<\/p>\n<p><strong>Startovac\u00ed sada<\/strong>: (A) prodlu\u017eovac\u00ed kabel, (B) konektor (LED p\u00e1sek na kabel), (C) konektor (LED p\u00e1sek na LED p\u00e1sek), (D) LED propojovac\u00ed kabel, (E) Y distribu\u010dn\u00ed kabel, (F) Nap\u00e1jen\u00ed balen\u00ed (transform\u00e1tor pro z\u00e1suvku 230 V), (G) LED p\u00e1sek<\/p>\n<p><strong>\u0158\u00eddic\u00ed sada<\/strong>: (H) z\u00e1str\u010dka r\u00e1dia a (I) r\u00e1diov\u00fd sp\u00edna\u010d<\/p>\n<div class=\"spacer spacer-medium\"><\/div><\/div><div  class=\"column one-third last-col \" >\n<div class=\"font-loved quote-orange text-right\">&#8220;Lze ovl\u00e1dat d\u00e1lkov\u011b pomoc\u00ed<br \/>\nStartovac\u00ed sada&#8221;<\/div>\n<div class=\"spacer spacer-medium\"><\/div><\/div><\/div><\/div><div class=\"wrapper\"><div id=\"\" class=\"column-section clearfix spaced-normal \"><div  class=\"column two-third  \" ><div class=\"spacer spacer-medium\"><\/div>\n<p><img loading=\"lazy\" class=\"aligncenter size-large wp-image-3325\" src=\"https:\/\/www.licht-sockelleiste.de\/wp-content\/uploads\/2021\/03\/starter-set-steuerungsset-1-1024x771.png\" alt=\"\" width=\"1024\" height=\"771\" srcset=\"https:\/\/www.licht-sockelleiste.de\/wp-content\/uploads\/2021\/03\/starter-set-steuerungsset-1-1024x771.png 1024w, https:\/\/www.licht-sockelleiste.de\/wp-content\/uploads\/2021\/03\/starter-set-steuerungsset-1-300x226.png 300w, https:\/\/www.licht-sockelleiste.de\/wp-content\/uploads\/2021\/03\/starter-set-steuerungsset-1-768x578.png 768w, https:\/\/www.licht-sockelleiste.de\/wp-content\/uploads\/2021\/03\/starter-set-steuerungsset-1-1536x1157.png 1536w, https:\/\/www.licht-sockelleiste.de\/wp-content\/uploads\/2021\/03\/starter-set-steuerungsset-1-420x316.png 420w, https:\/\/www.licht-sockelleiste.de\/wp-content\/uploads\/2021\/03\/starter-set-steuerungsset-1-600x452.png 600w, https:\/\/www.licht-sockelleiste.de\/wp-content\/uploads\/2021\/03\/starter-set-steuerungsset-1-900x678.png 900w, https:\/\/www.licht-sockelleiste.de\/wp-content\/uploads\/2021\/03\/starter-set-steuerungsset-1-1290x971.png 1290w, https:\/\/www.licht-sockelleiste.de\/wp-content\/uploads\/2021\/03\/starter-set-steuerungsset-1-1320x994.png 1320w, https:\/\/www.licht-sockelleiste.de\/wp-content\/uploads\/2021\/03\/starter-set-steuerungsset-1.png 1611w\" sizes=\"(max-width: 1024px) 100vw, 1024px\" \/><\/p>\n<\/div><div  class=\"column one-third last-col \" ><\/div><\/div><\/div><div class=\"wrapper\"><div id=\"\" class=\"column-section clearfix spaced-normal \"><div  class=\"column two-third  \" >\n<h3>LED sv\u011bteln\u00e9 p\u00e1sy z vlastn\u00ed produkce<\/h3>\n<p>Na rozd\u00edl od jin\u00fdch sv\u011bteln\u00fdch p\u00e1s\u016f, vestav\u011bn\u00fd LED p\u00e1sek a p\u0159ipojen\u00ed poch\u00e1zej\u00ed z na\u0161\u00ed vlastn\u00ed v\u00fdroby (Made in Europe). Tyto vysoce kvalitn\u00ed p\u00e1sky se prod\u00e1vaj\u00ed pod zna\u010dkou \u201e<a href=\"https:\/\/www.doellken-lighting.com\" target=\"_blank\" rel=\"noopener\">D\u00f6llken Lighting<\/a>\u201c v\u00edce ne\u017e osm let. V\u00fdsledkem je line\u00e1rn\u00ed, velmi homogenn\u00ed sv\u011btlo bez viditeln\u00fdch sv\u011bteln\u00fdch skvrn a rovnom\u011brn\u00e9 vyza\u0159ov\u00e1n\u00ed sv\u011btla.<\/p>\n<div class=\"spacer spacer-medium\"><\/div><\/div><div  class=\"column one-third last-col \" ><\/div><\/div><\/div><div class=\"spacer spacer-big\"><\/div><div  class=\"fullwidth-section text-dark\" style=\"background-color:#f7f5f2\"><div class=\"fullwidth-content\" style=\"padding-top:100px;padding-bottom:50px;\"><div class=\"wrapper\"><div id=\"\" class=\"column-section clearfix spaced-normal \"><div  class=\"column two-third  \" >\n<h2>Varianty vyza\u0159ov\u00e1n\u00ed sv\u011btla<\/h2>\n<div class=\"spacer spacer-medium\"><\/div>\n<p>Na rozd\u00edl od b\u011b\u017en\u00fdch sv\u011bteln\u00fdch prou\u017ek\u016f m\u00e1 Cubica Light System 80 dva mo\u017en\u00e9 sv\u011bteln\u00e9 r\u00e1my: bo\u010dn\u00ed r\u00e1m a otev\u0159en\u00fd vrchol. Z toho vypl\u00fdv\u00e1, \u017ee pl\u00e1novac\u00ed a podlahov\u00e1 vrstva maj\u00ed t\u0159i r\u016fzn\u00e9 mo\u017enosti implementace: bo\u010dn\u00ed sv\u011btlo, vzestupn\u00e9 sv\u011btlo a v\u016fbec \u017e\u00e1dn\u00e9 osv\u011btlen\u00ed. V posledn\u00edm p\u0159\u00edpad\u011b v\u0161ak m\u016f\u017ee b\u00fdt ty\u010d pou\u017eita pro veden\u00ed kabel\u016f. Vhodn\u00fd kryc\u00ed profil uzav\u00edr\u00e1 h\u0159\u00eddel a skryje kabel. V tomto p\u0159\u00edpad\u011b je mo\u017en\u00fd pozd\u011bj\u0161\u00ed p\u0159\u00edstup ke kabelu bez demont\u00e1\u017ee cel\u00e9 ty\u010de.<\/p>\n<div class=\"spacer spacer-medium\"><\/div><\/div><div  class=\"column one-third last-col \" ><\/div><\/div><\/div><div class=\"wrapper\"><div id=\"\" class=\"column-section clearfix spaced-normal \"><div  class=\"column one-full last-col \" >\n\n<div class=\"spacer spacer-medium\"><\/div><\/div><\/div><\/div><\/div><\/div><div class=\"spacer spacer-big\"><\/div><div class=\"wrapper\"><div id=\"\" class=\"column-section clearfix spaced-normal \"><div  class=\"column two-third  \" >\n<h2>#mitd\u00f6llkenmade<\/h2>\n<div class=\"spacer spacer-medium\"><\/div>\n<p>Uka\u017ete svou soklovou li\u0161tu &#8211; po\u0161lete nyn\u00ed reference a zajist\u011bte \u0161anci na hotovost ve v\u00fd\u0161i 100 EUR! Za\u0161lete n\u00e1m WhatsApp s va\u0161\u00edm projektem Cubica Light System 80 na +49 (0) 151 566 603 94<\/p>\n<div class=\"spacer spacer-medium\"><\/div><\/div><div  class=\"column one-third last-col \" ><\/div><\/div><\/div><div class=\"wrapper\"><div id=\"\" class=\"column-section clearfix spaced-normal \"><div  class=\"column one-full last-col \" >\n<p><iframe loading=\"lazy\" src=\"https:\/\/player.vimeo.com\/video\/441026140\" width=\"640\" height=\"480\" frameborder=\"0\" allowfullscreen=\"allowfullscreen\"><\/iframe><\/p>\n<div class=\"spacer spacer-medium\"><\/div><\/div><\/div><\/div><div class=\"spacer spacer-medium\"><\/div><div class=\"wrapper\"><div id=\"\" class=\"column-section clearfix spaced-normal \"><div  class=\"column two-third  \" >\n<p>\u00da\u010dastn\u00edk zasl\u00e1n\u00edm odkazu na zadan\u00e9 \u010d\u00edslo \/ e-mailovou adresu v\u00fdslovn\u011b souhlas\u00ed s t\u011bmito obecn\u00fdmi podm\u00ednkami \u00fa\u010dasti. Odkaz bude zasl\u00e1n ve form\u011b smyslupln\u00e9 fotografie na ur\u010den\u00e9 mobiln\u00ed \u010d\u00edslo (p\u0159es WhatsApp) nebo e-mailem na <a href=\"mailto:marketing@doellken-profiles.com\">marketing@doellken-profiles.com<\/a>. Odesl\u00e1n\u00edm fotografie se odes\u00edlatel mus\u00ed ujistit, \u017ee majitel nebo klient je opr\u00e1vn\u011bn fotografovat p\u0159\u00edslu\u0161n\u00fd objekt a p\u0159ed\u00e1vat fotografick\u00fd materi\u00e1l.<\/p>\n<p>Zam\u011bstnanci spole\u010dnosti D\u00f6llken Profiles GmbH jsou z \u00fa\u010dasti vylou\u010deni. Tot\u00e9\u017e plat\u00ed pro jejich p\u0159\u00edbuzn\u00e9 nebo \u017eivotn\u00ed partnery. Pokud se organiz\u00e1tor dozv\u00ed o technick\u00fdch manipulac\u00edch nebo jin\u00e9m poru\u0161en\u00ed t\u011bchto podm\u00ednek \u00fa\u010dasti, vylou\u010d\u00ed \u00fa\u010dastn\u00edka. V t\u011bchto p\u0159\u00edpadech lze pojistn\u00e9 rovn\u011b\u017e zp\u011btn\u011b odvolat. \u00da\u010dast je mo\u017en\u00e1 pouze do 31. prosince 2020.<\/p>\n<div class=\"spacer spacer-medium\"><\/div><\/div><div  class=\"column one-third last-col \" >\n<p><a href=\"https:\/\/www.doellken-weimar.de\/de\/teilnahmebedingungen\/\"><img loading=\"lazy\" class=\"aligncenter wp-image-2649 size-full\" src=\"https:\/\/www.licht-sockelleiste.de\/wp-content\/uploads\/2020\/06\/Teilnahmebedinungungen_cz.jpg\" alt=\"\" width=\"500\" height=\"500\" srcset=\"https:\/\/www.licht-sockelleiste.de\/wp-content\/uploads\/2020\/06\/Teilnahmebedinungungen_cz.jpg 500w, https:\/\/www.licht-sockelleiste.de\/wp-content\/uploads\/2020\/06\/Teilnahmebedinungungen_cz-300x300.jpg 300w, https:\/\/www.licht-sockelleiste.de\/wp-content\/uploads\/2020\/06\/Teilnahmebedinungungen_cz-150x150.jpg 150w, https:\/\/www.licht-sockelleiste.de\/wp-content\/uploads\/2020\/06\/Teilnahmebedinungungen_cz-420x420.jpg 420w\" sizes=\"(max-width: 500px) 100vw, 500px\" \/><\/a><\/p>\n<\/div><\/div><\/div><div class=\"spacer spacer-big\"><\/div>\n","protected":false},"excerpt":{"rendered":"","protected":false},"author":2,"featured_media":0,"parent":0,"menu_order":0,"comment_status":"closed","ping_status":"closed","template":"","meta":[],"_links":{"self":[{"href":"https:\/\/www.licht-sockelleiste.de\/cz\/wp-json\/wp\/v2\/pages\/2485\/"}],"collection":[{"href":"https:\/\/www.licht-sockelleiste.de\/cz\/wp-json\/wp\/v2\/pages\/"}],"about":[{"href":"https:\/\/www.licht-sockelleiste.de\/cz\/wp-json\/wp\/v2\/types\/page\/"}],"author":[{"embeddable":true,"href":"https:\/\/www.licht-sockelleiste.de\/cz\/wp-json\/wp\/v2\/users\/2\/"}],"replies":[{"embeddable":true,"href":"https:\/\/www.licht-sockelleiste.de\/cz\/wp-json\/wp\/v2\/comments\/?post=2485"}],"version-history":[{"count":16,"href":"https:\/\/www.licht-sockelleiste.de\/cz\/wp-json\/wp\/v2\/pages\/2485\/revisions\/"}],"predecessor-version":[{"id":3506,"href":"https:\/\/www.licht-sockelleiste.de\/cz\/wp-json\/wp\/v2\/pages\/2485\/revisions\/3506\/"}],"wp:attachment":[{"href":"https:\/\/www.licht-sockelleiste.de\/cz\/wp-json\/wp\/v2\/media\/?parent=2485"}],"curies":[{"name":"wp","href":"https:\/\/api.w.org\/{rel}","templated":true}]}}